{"id":446,"date":"2018-03-09T20:39:53","date_gmt":"2018-03-09T20:39:53","guid":{"rendered":"http:\/\/baraoequipamentos.com.br\/barao\/?post_type=product&#038;p=446"},"modified":"2018-03-09T20:40:12","modified_gmt":"2018-03-09T20:40:12","slug":"cadeira-de-rodas-itaipu","status":"publish","type":"product","link":"http:\/\/baraoequipamentos.com.br\/barao\/produto\/cadeira-de-rodas-itaipu\/","title":{"rendered":"Cadeira de Rodas Itaipu"},"content":{"rendered":"<p>Estrutura em alum\u00ednio aeron\u00e1utico, dobr\u00e1vel em \u201cX\u201d com pintura ep\u00f3xi eletrost\u00e1tica.<br \/>\nEstofamento em Nylon com almofada em espuma.<br \/>\nEncosto com regulagem de altura.<br \/>\nRodas traseiras de 24\u201d, destac\u00e1veis com pneus anti-furo e rodas dianteiras de 6\u2019 com pneus maci\u00e7os e rodas anti tombo.<br \/>\nApoio para p\u00e9s, articul\u00e1veis, rebat\u00edveis, remov\u00edveis e regul\u00e1veis em altura.<br \/>\nApoio para bra\u00e7os escamote\u00e1veis<br \/>\nIndicado para usu\u00e1rios at\u00e9 120 kg<\/p>\n","protected":false},"excerpt":{"rendered":"<p>Estrutura em alum\u00ednio aeron\u00e1utico, dobr\u00e1vel em \u201cX\u201d com pintura ep\u00f3xi eletrost\u00e1tica.<br \/>\nEstofamento em Nylon com almofada em espuma.<br \/>\nEncosto com regulagem de altura.<\/p>\n","protected":false},"featured_media":447,"comment_status":"closed","ping_status":"closed","template":"","meta":[],"_links":{"self":[{"href":"http:\/\/baraoequipamentos.com.br\/barao\/wp-json\/wp\/v2\/product\/446"}],"collection":[{"href":"http:\/\/baraoequipamentos.com.br\/barao\/wp-json\/wp\/v2\/product"}],"about":[{"href":"http:\/\/baraoequipamentos.com.br\/barao\/wp-json\/wp\/v2\/types\/product"}],"replies":[{"embeddable":true,"href":"http:\/\/baraoequipamentos.com.br\/barao\/wp-json\/wp\/v2\/comments?post=446"}],"wp:featuredmedia":[{"embeddable":true,"href":"http:\/\/baraoequipamentos.com.br\/barao\/wp-json\/wp\/v2\/media\/447"}],"wp:attachment":[{"href":"http:\/\/baraoequipamentos.com.br\/barao\/wp-json\/wp\/v2\/media?parent=446"}],"curies":[{"name":"wp","href":"https:\/\/api.w.org\/{rel}","templated":true}]}}