{"id":456,"date":"2018-03-12T17:42:30","date_gmt":"2018-03-12T17:42:30","guid":{"rendered":"http:\/\/baraoequipamentos.com.br\/barao\/?post_type=product&#038;p=456"},"modified":"2018-03-12T17:42:30","modified_gmt":"2018-03-12T17:42:30","slug":"cadeira-de-rodas-m3","status":"publish","type":"product","link":"http:\/\/baraoequipamentos.com.br\/barao\/produto\/cadeira-de-rodas-m3\/","title":{"rendered":"Cadeira de Rodas M3"},"content":{"rendered":"<p>Ajuste milim\u00e9trico do centro de gravidade.<br \/>\nEstrutura monobloco de alum\u00ednio.<br \/>\nAjuste de altura do eixo traseiro.<br \/>\nAjuste de altura do encosto.<br \/>\nEncosto Hummel anat\u00f4mico ajust\u00e1vel.<br \/>\nEncosto rebat\u00edvel e assento r\u00edgido.<br \/>\nRodas traseiras raiadas de 24\u201d com pneus infl\u00e1veis e rodas dianteiras fixas de 6\u201d com pneus maci\u00e7os.<br \/>\nApoio de p\u00e9s ajust\u00e1vel em altura e \u00e2ngulo.<br \/>\nIndicado para usu\u00e1rio at\u00e9 120 kg.<br \/>\nOpcionais sob consulta.<\/p>\n","protected":false},"excerpt":{"rendered":"<p>Ajuste milim\u00e9trico do centro de gravidade.<br \/>\nEstrutura monobloco de alum\u00ednio.<br \/>\nAjuste de altura do eixo traseiro.<\/p>\n","protected":false},"featured_media":457,"comment_status":"closed","ping_status":"closed","template":"","meta":[],"_links":{"self":[{"href":"http:\/\/baraoequipamentos.com.br\/barao\/wp-json\/wp\/v2\/product\/456"}],"collection":[{"href":"http:\/\/baraoequipamentos.com.br\/barao\/wp-json\/wp\/v2\/product"}],"about":[{"href":"http:\/\/baraoequipamentos.com.br\/barao\/wp-json\/wp\/v2\/types\/product"}],"replies":[{"embeddable":true,"href":"http:\/\/baraoequipamentos.com.br\/barao\/wp-json\/wp\/v2\/comments?post=456"}],"wp:featuredmedia":[{"embeddable":true,"href":"http:\/\/baraoequipamentos.com.br\/barao\/wp-json\/wp\/v2\/media\/457"}],"wp:attachment":[{"href":"http:\/\/baraoequipamentos.com.br\/barao\/wp-json\/wp\/v2\/media?parent=456"}],"curies":[{"name":"wp","href":"https:\/\/api.w.org\/{rel}","templated":true}]}}