{"id":458,"date":"2018-03-12T17:43:27","date_gmt":"2018-03-12T17:43:27","guid":{"rendered":"http:\/\/baraoequipamentos.com.br\/barao\/?post_type=product&#038;p=458"},"modified":"2018-03-12T17:43:27","modified_gmt":"2018-03-12T17:43:27","slug":"cadeira-de-rodas-m3-premium","status":"publish","type":"product","link":"http:\/\/baraoequipamentos.com.br\/barao\/produto\/cadeira-de-rodas-m3-premium\/","title":{"rendered":"Cadeira de Rodas M3 Premium"},"content":{"rendered":"<p>Ajuste milim\u00e9trico do centro de gravidade.<br \/>\nEstrutura monobloco de alum\u00ednio.<br \/>\nAjuste de altura do eixo traseiro.<br \/>\nAjuste de altura do encosto.<br \/>\nEncosto Hummel anat\u00f4mico ajust\u00e1vel<br \/>\nEncosto rebat\u00edvel e assento r\u00edgido.<br \/>\nRodas traseiras desmont\u00e1vel.<br \/>\nApoio de p\u00e9s ajust\u00e1vel em altura e \u00e2ngulo<br \/>\nRodas traseiras ultra leves de 12 raios.<\/p>\n","protected":false},"excerpt":{"rendered":"<p>Ajuste milim\u00e9trico do centro de gravidade.<br \/>\nEstrutura monobloco de alum\u00ednio.<br \/>\nAjuste de altura do eixo traseiro.<\/p>\n","protected":false},"featured_media":459,"comment_status":"closed","ping_status":"closed","template":"","meta":[],"_links":{"self":[{"href":"http:\/\/baraoequipamentos.com.br\/barao\/wp-json\/wp\/v2\/product\/458"}],"collection":[{"href":"http:\/\/baraoequipamentos.com.br\/barao\/wp-json\/wp\/v2\/product"}],"about":[{"href":"http:\/\/baraoequipamentos.com.br\/barao\/wp-json\/wp\/v2\/types\/product"}],"replies":[{"embeddable":true,"href":"http:\/\/baraoequipamentos.com.br\/barao\/wp-json\/wp\/v2\/comments?post=458"}],"wp:featuredmedia":[{"embeddable":true,"href":"http:\/\/baraoequipamentos.com.br\/barao\/wp-json\/wp\/v2\/media\/459"}],"wp:attachment":[{"href":"http:\/\/baraoequipamentos.com.br\/barao\/wp-json\/wp\/v2\/media?parent=458"}],"curies":[{"name":"wp","href":"https:\/\/api.w.org\/{rel}","templated":true}]}}