{"id":464,"date":"2018-03-12T17:47:37","date_gmt":"2018-03-12T17:47:37","guid":{"rendered":"http:\/\/baraoequipamentos.com.br\/barao\/?post_type=product&#038;p=464"},"modified":"2018-03-12T17:47:37","modified_gmt":"2018-03-12T17:47:37","slug":"cadeira-de-rodas-genesys-ultra-lite","status":"publish","type":"product","link":"http:\/\/baraoequipamentos.com.br\/barao\/produto\/cadeira-de-rodas-genesys-ultra-lite\/","title":{"rendered":"Cadeira de Rodas Genesys Ultra Lite"},"content":{"rendered":"<p>Estrutura de alum\u00ednio dobr\u00e1vel em \u201cX\u201d.<br \/>\nRodas desmont\u00e1veis.<br \/>\nApoio de p\u00e9s ajust\u00e1vel e rebat\u00edvel.<br \/>\nPneus traseiros 20\u2019 nylon maci\u00e7os e dianteiros 5\u2019 maci\u00e7os.<br \/>\nIndicado para usu\u00e1rio at\u00e9 70 kg.<br \/>\nOpcionais sob consulta.<\/p>\n","protected":false},"excerpt":{"rendered":"<p>Estrutura de alum\u00ednio dobr\u00e1vel em \u201cX\u201d.<br \/>\nRodas desmont\u00e1veis.<br \/>\nApoio de p\u00e9s ajust\u00e1vel e rebat\u00edvel.<\/p>\n","protected":false},"featured_media":465,"comment_status":"closed","ping_status":"closed","template":"","meta":[],"_links":{"self":[{"href":"http:\/\/baraoequipamentos.com.br\/barao\/wp-json\/wp\/v2\/product\/464"}],"collection":[{"href":"http:\/\/baraoequipamentos.com.br\/barao\/wp-json\/wp\/v2\/product"}],"about":[{"href":"http:\/\/baraoequipamentos.com.br\/barao\/wp-json\/wp\/v2\/types\/product"}],"replies":[{"embeddable":true,"href":"http:\/\/baraoequipamentos.com.br\/barao\/wp-json\/wp\/v2\/comments?post=464"}],"wp:featuredmedia":[{"embeddable":true,"href":"http:\/\/baraoequipamentos.com.br\/barao\/wp-json\/wp\/v2\/media\/465"}],"wp:attachment":[{"href":"http:\/\/baraoequipamentos.com.br\/barao\/wp-json\/wp\/v2\/media?parent=464"}],"curies":[{"name":"wp","href":"https:\/\/api.w.org\/{rel}","templated":true}]}}