{"id":472,"date":"2018-03-12T17:53:39","date_gmt":"2018-03-12T17:53:39","guid":{"rendered":"http:\/\/baraoequipamentos.com.br\/barao\/?post_type=product&#038;p=472"},"modified":"2018-03-12T17:53:39","modified_gmt":"2018-03-12T17:53:39","slug":"cadeira-de-rodas-para-praia-e-piscina-ipanema","status":"publish","type":"product","link":"http:\/\/baraoequipamentos.com.br\/barao\/produto\/cadeira-de-rodas-para-praia-e-piscina-ipanema\/","title":{"rendered":"Cadeira de Rodas Para Praia e Piscina Ipanema"},"content":{"rendered":"<p>Constru\u00edda em liga de alum\u00ednio aeron\u00e1utico temperado.<br \/>\nPintura ep\u00f3xi.<br \/>\nEstofamento imperme\u00e1vel.<br \/>\nEstrutura Monobloco.<br \/>\nRodas de nylon 16\u2019 x 8\u2019 infl\u00e1vel.<br \/>\nRodas com desmontagem r\u00e1pida.<br \/>\nApoio de bra\u00e7o escamote\u00e1vel.<br \/>\nApoio de pernas remov\u00edvel.<br \/>\nEncosto rebat\u00edvel com ajuste de \u00e2ngulo em at\u00e9 04 posi\u00e7\u00f5es<br \/>\nIndicada para usu\u00e1rio at\u00e9 110 kg.<\/p>\n","protected":false},"excerpt":{"rendered":"<p>Constru\u00edda em liga de alum\u00ednio aeron\u00e1utico temperado.<br \/>\nPintura ep\u00f3xi.<br \/>\nEstofamento imperme\u00e1vel.<br \/>\nEstrutura Monobloco<\/p>\n","protected":false},"featured_media":473,"comment_status":"closed","ping_status":"closed","template":"","meta":[],"_links":{"self":[{"href":"http:\/\/baraoequipamentos.com.br\/barao\/wp-json\/wp\/v2\/product\/472"}],"collection":[{"href":"http:\/\/baraoequipamentos.com.br\/barao\/wp-json\/wp\/v2\/product"}],"about":[{"href":"http:\/\/baraoequipamentos.com.br\/barao\/wp-json\/wp\/v2\/types\/product"}],"replies":[{"embeddable":true,"href":"http:\/\/baraoequipamentos.com.br\/barao\/wp-json\/wp\/v2\/comments?post=472"}],"wp:featuredmedia":[{"embeddable":true,"href":"http:\/\/baraoequipamentos.com.br\/barao\/wp-json\/wp\/v2\/media\/473"}],"wp:attachment":[{"href":"http:\/\/baraoequipamentos.com.br\/barao\/wp-json\/wp\/v2\/media?parent=472"}],"curies":[{"name":"wp","href":"https:\/\/api.w.org\/{rel}","templated":true}]}}