{"id":474,"date":"2018-03-12T17:55:27","date_gmt":"2018-03-12T17:55:27","guid":{"rendered":"http:\/\/baraoequipamentos.com.br\/barao\/?post_type=product&#038;p=474"},"modified":"2018-03-12T17:55:27","modified_gmt":"2018-03-12T17:55:27","slug":"cadeira-de-rodas-motorizada-e2","status":"publish","type":"product","link":"http:\/\/baraoequipamentos.com.br\/barao\/produto\/cadeira-de-rodas-motorizada-e2\/","title":{"rendered":"Cadeira de Rodas Motorizada E2"},"content":{"rendered":"<p>Estrutura de alum\u00ednio dobr\u00e1vel em \u201cX\u201d.<br \/>\nMotoriza\u00e7\u00e3o desmont\u00e1vel.<br \/>\nAcompanha rodas de 24\u2019 para uso manual.<br \/>\n( sistema 2 em 1).<br \/>\nRodas traseiras de 12\u2019 com pneus maci\u00e7os e rodas dianteiras com pneus 200 x 50.<br \/>\nIndicada para usu\u00e1rio at\u00e9 120 kg.<br \/>\nOpcionais sob consulta<\/p>\n","protected":false},"excerpt":{"rendered":"<p>Estrutura de alum\u00ednio dobr\u00e1vel em \u201cX\u201d.<br \/>\nMotoriza\u00e7\u00e3o desmont\u00e1vel.<br \/>\nAcompanha rodas de 24\u2019 para uso manual. <\/p>\n","protected":false},"featured_media":475,"comment_status":"closed","ping_status":"closed","template":"","meta":[],"_links":{"self":[{"href":"http:\/\/baraoequipamentos.com.br\/barao\/wp-json\/wp\/v2\/product\/474"}],"collection":[{"href":"http:\/\/baraoequipamentos.com.br\/barao\/wp-json\/wp\/v2\/product"}],"about":[{"href":"http:\/\/baraoequipamentos.com.br\/barao\/wp-json\/wp\/v2\/types\/product"}],"replies":[{"embeddable":true,"href":"http:\/\/baraoequipamentos.com.br\/barao\/wp-json\/wp\/v2\/comments?post=474"}],"wp:featuredmedia":[{"embeddable":true,"href":"http:\/\/baraoequipamentos.com.br\/barao\/wp-json\/wp\/v2\/media\/475"}],"wp:attachment":[{"href":"http:\/\/baraoequipamentos.com.br\/barao\/wp-json\/wp\/v2\/media?parent=474"}],"curies":[{"name":"wp","href":"https:\/\/api.w.org\/{rel}","templated":true}]}}