{"id":476,"date":"2018-03-12T17:57:12","date_gmt":"2018-03-12T17:57:12","guid":{"rendered":"http:\/\/baraoequipamentos.com.br\/barao\/?post_type=product&#038;p=476"},"modified":"2018-03-12T17:57:12","modified_gmt":"2018-03-12T17:57:12","slug":"cadeira-de-rodas-motorizada-e3","status":"publish","type":"product","link":"http:\/\/baraoequipamentos.com.br\/barao\/produto\/cadeira-de-rodas-motorizada-e3\/","title":{"rendered":"Cadeira de Rodas Motorizada E3"},"content":{"rendered":"<p>Estrutura de alum\u00ednio dobr\u00e1vel e \u201cX\u201d.<br \/>\nEncosto reclin\u00e1vel multiposicional<br \/>\nApoio de cabe\u00e7a ajust\u00e1vel e remov\u00edvel<br \/>\nApoio de p\u00e9s elev\u00e1vel e remov\u00edvel<br \/>\nApoio de bra\u00e7os com ajuste de altura e remov\u00edvel<br \/>\nPneus traseiros 12\u2019 com pneus maci\u00e7os e dianteiros com pneus maci\u00e7os 200 x 50.<br \/>\nOpcionais sob consulta.<\/p>\n","protected":false},"excerpt":{"rendered":"<p>Estrutura de alum\u00ednio dobr\u00e1vel e \u201cX\u201d.<br \/>\nEncosto reclin\u00e1vel multiposicional<br \/>\nApoio de cabe\u00e7a ajust\u00e1vel e remov\u00edvel<\/p>\n","protected":false},"featured_media":477,"comment_status":"closed","ping_status":"closed","template":"","meta":[],"_links":{"self":[{"href":"http:\/\/baraoequipamentos.com.br\/barao\/wp-json\/wp\/v2\/product\/476"}],"collection":[{"href":"http:\/\/baraoequipamentos.com.br\/barao\/wp-json\/wp\/v2\/product"}],"about":[{"href":"http:\/\/baraoequipamentos.com.br\/barao\/wp-json\/wp\/v2\/types\/product"}],"replies":[{"embeddable":true,"href":"http:\/\/baraoequipamentos.com.br\/barao\/wp-json\/wp\/v2\/comments?post=476"}],"wp:featuredmedia":[{"embeddable":true,"href":"http:\/\/baraoequipamentos.com.br\/barao\/wp-json\/wp\/v2\/media\/477"}],"wp:attachment":[{"href":"http:\/\/baraoequipamentos.com.br\/barao\/wp-json\/wp\/v2\/media?parent=476"}],"curies":[{"name":"wp","href":"https:\/\/api.w.org\/{rel}","templated":true}]}}