{"id":482,"date":"2018-03-12T18:03:08","date_gmt":"2018-03-12T18:03:08","guid":{"rendered":"http:\/\/baraoequipamentos.com.br\/barao\/?post_type=product&#038;p=482"},"modified":"2018-03-12T18:03:08","modified_gmt":"2018-03-12T18:03:08","slug":"elev-gr-180-2","status":"publish","type":"product","link":"http:\/\/baraoequipamentos.com.br\/barao\/produto\/elev-gr-180-2\/","title":{"rendered":"ELEV GR 180"},"content":{"rendered":"<p>Elevador de transfer\u00eancia e eleva\u00e7\u00e3o de pacientes, com capacidade at\u00e9 180 kg..<br \/>\nTem uma grande capacidade de eleva\u00e7\u00e3o e resist\u00eancia, indicada para cl\u00ednicas e hospitais. Al\u00e9m disso, \u00e9 muito f\u00e1cil operar e manusear.<br \/>\nO selete, ou cesto de transfer\u00eancia \u00e9 feito com material resistente, confort\u00e1vel e lav\u00e1vel. Este elevador opera com baterias seladas de 12V.<br \/>\nMuito f\u00e1cil de manusear.<br \/>\nAmpla manopla e 4 rod\u00edzios de alta qualidade muito f\u00e1cil de manusear sem a necessidade do usu\u00e1rio fazer for\u00e7a.<\/p>\n","protected":false},"excerpt":{"rendered":"<p>Elevador de transfer\u00eancia e eleva\u00e7\u00e3o de pacientes, com capacidade at\u00e9 180 kg..<br \/>\nTem uma grande capacidade de eleva\u00e7\u00e3o e resist\u00eancia, indicada para cl\u00ednicas e hospitais. Al\u00e9m disso, \u00e9 muito f\u00e1cil operar e manusear.<\/p>\n","protected":false},"featured_media":483,"comment_status":"closed","ping_status":"closed","template":"","meta":[],"_links":{"self":[{"href":"http:\/\/baraoequipamentos.com.br\/barao\/wp-json\/wp\/v2\/product\/482"}],"collection":[{"href":"http:\/\/baraoequipamentos.com.br\/barao\/wp-json\/wp\/v2\/product"}],"about":[{"href":"http:\/\/baraoequipamentos.com.br\/barao\/wp-json\/wp\/v2\/types\/product"}],"replies":[{"embeddable":true,"href":"http:\/\/baraoequipamentos.com.br\/barao\/wp-json\/wp\/v2\/comments?post=482"}],"wp:featuredmedia":[{"embeddable":true,"href":"http:\/\/baraoequipamentos.com.br\/barao\/wp-json\/wp\/v2\/media\/483"}],"wp:attachment":[{"href":"http:\/\/baraoequipamentos.com.br\/barao\/wp-json\/wp\/v2\/media?parent=482"}],"curies":[{"name":"wp","href":"https:\/\/api.w.org\/{rel}","templated":true}]}}