{"id":490,"date":"2018-03-12T18:11:32","date_gmt":"2018-03-12T18:11:32","guid":{"rendered":"http:\/\/baraoequipamentos.com.br\/barao\/?post_type=product&#038;p=490"},"modified":"2018-03-12T18:11:32","modified_gmt":"2018-03-12T18:11:32","slug":"cadeira-de-banho-h1","status":"publish","type":"product","link":"http:\/\/baraoequipamentos.com.br\/barao\/produto\/cadeira-de-banho-h1\/","title":{"rendered":"Cadeira de Banho H1"},"content":{"rendered":"<p>Constru\u00edda em alum\u00ednio com pintura ep\u00f3xi. dispon\u00edvel somente na cor branca.<br \/>\nEncosto r\u00edgido anat\u00f4mico.<br \/>\nQuadro r\u00edgido com fechamento frontal.<br \/>\nRodas traseiras maci\u00e7as de 24\u2019 com eixo remov\u00edvel e de 6\u2019 maci\u00e7as fixa.<br \/>\nRodas dianteiras maci\u00e7as de 6\u2019 desmont\u00e1vel.<br \/>\nApoio de bra\u00e7os rebat\u00edveis.<br \/>\nApoio de p\u00e9s remov\u00edveis com regulagem de altura e \u00e2ngulo t\u00edbio-t\u00e1rsico.<br \/>\nAssento com abertura frontal.<br \/>\nIndicada para usu\u00e1rio at\u00e9 120 kg.<\/p>\n","protected":false},"excerpt":{"rendered":"<p>Constru\u00edda em alum\u00ednio com pintura ep\u00f3xi. dispon\u00edvel somente na cor branca.<br \/>\nEncosto r\u00edgido anat\u00f4mico.<br \/>\nQuadro r\u00edgido com fechamento frontal.<\/p>\n","protected":false},"featured_media":491,"comment_status":"closed","ping_status":"closed","template":"","meta":[],"_links":{"self":[{"href":"http:\/\/baraoequipamentos.com.br\/barao\/wp-json\/wp\/v2\/product\/490"}],"collection":[{"href":"http:\/\/baraoequipamentos.com.br\/barao\/wp-json\/wp\/v2\/product"}],"about":[{"href":"http:\/\/baraoequipamentos.com.br\/barao\/wp-json\/wp\/v2\/types\/product"}],"replies":[{"embeddable":true,"href":"http:\/\/baraoequipamentos.com.br\/barao\/wp-json\/wp\/v2\/comments?post=490"}],"wp:featuredmedia":[{"embeddable":true,"href":"http:\/\/baraoequipamentos.com.br\/barao\/wp-json\/wp\/v2\/media\/491"}],"wp:attachment":[{"href":"http:\/\/baraoequipamentos.com.br\/barao\/wp-json\/wp\/v2\/media?parent=490"}],"curies":[{"name":"wp","href":"https:\/\/api.w.org\/{rel}","templated":true}]}}