{"id":492,"date":"2018-03-12T18:12:45","date_gmt":"2018-03-12T18:12:45","guid":{"rendered":"http:\/\/baraoequipamentos.com.br\/barao\/?post_type=product&#038;p=492"},"modified":"2018-03-12T18:12:45","modified_gmt":"2018-03-12T18:12:45","slug":"cadeira-de-banho-h1-concha","status":"publish","type":"product","link":"http:\/\/baraoequipamentos.com.br\/barao\/produto\/cadeira-de-banho-h1-concha\/","title":{"rendered":"Cadeira de Banho H1 Concha"},"content":{"rendered":"<p>Constru\u00edda em liga de alum\u00ednio aeron\u00e1utico temperado.<br \/>\nPintura ep\u00f3xi.<br \/>\nEstofamento acolchoado e imperme\u00e1vel.<br \/>\nQuadro com fechamento frontal.<br \/>\nInclina\u00e7\u00e3o permanente.<br \/>\nCinto p\u00e9lvico acolchoado.<br \/>\nIndicado para usu\u00e1rio at\u00e9 70 kg.<\/p>\n","protected":false},"excerpt":{"rendered":"<p>Constru\u00edda em liga de alum\u00ednio aeron\u00e1utico temperado.<br \/>\nPintura ep\u00f3xi.<br \/>\nEstofamento acolchoado e imperme\u00e1vel.<\/p>\n","protected":false},"featured_media":493,"comment_status":"closed","ping_status":"closed","template":"","meta":[],"_links":{"self":[{"href":"http:\/\/baraoequipamentos.com.br\/barao\/wp-json\/wp\/v2\/product\/492"}],"collection":[{"href":"http:\/\/baraoequipamentos.com.br\/barao\/wp-json\/wp\/v2\/product"}],"about":[{"href":"http:\/\/baraoequipamentos.com.br\/barao\/wp-json\/wp\/v2\/types\/product"}],"replies":[{"embeddable":true,"href":"http:\/\/baraoequipamentos.com.br\/barao\/wp-json\/wp\/v2\/comments?post=492"}],"wp:featuredmedia":[{"embeddable":true,"href":"http:\/\/baraoequipamentos.com.br\/barao\/wp-json\/wp\/v2\/media\/493"}],"wp:attachment":[{"href":"http:\/\/baraoequipamentos.com.br\/barao\/wp-json\/wp\/v2\/media?parent=492"}],"curies":[{"name":"wp","href":"https:\/\/api.w.org\/{rel}","templated":true}]}}