{"id":499,"date":"2018-03-12T18:21:54","date_gmt":"2018-03-12T18:21:54","guid":{"rendered":"http:\/\/baraoequipamentos.com.br\/barao\/?post_type=product&#038;p=499"},"modified":"2018-03-12T18:21:54","modified_gmt":"2018-03-12T18:21:54","slug":"colchao-air-plus","status":"publish","type":"product","link":"http:\/\/baraoequipamentos.com.br\/barao\/produto\/colchao-air-plus\/","title":{"rendered":"Colch\u00e3o Air Plus"},"content":{"rendered":"<p>Utilizado para preven\u00e7\u00e3o e tratamento de ulcera\u00e7\u00f5es e escaras.<br \/>\nAlterna a press\u00e3o estimulando a circula\u00e7\u00e3o sangu\u00ednea do corpo todo, atrav\u00e9s do ciclos de 5 minutos de inflagem e desinflagem.<br \/>\nO colch\u00e3o possui 130 c\u00e9lulas uniformes divididas em duas vias, proporcionando assim uma distribui\u00e7\u00e3o efetiva da press\u00e3o, evitando les\u00f5es e trazendo um maior conforto ao paciente.<br \/>\nCont\u00e9m: 01 colch\u00e3o infl\u00e1vel, 1 mangueira de conex\u00e3o, 01 unidade de controle e 1 kit para pequenos reparos.<\/p>\n","protected":false},"excerpt":{"rendered":"<p>Utilizado para preven\u00e7\u00e3o e tratamento de ulcera\u00e7\u00f5es e escaras.<br \/>\nAlterna a press\u00e3o estimulando a circula\u00e7\u00e3o sangu\u00ednea do corpo todo, atrav\u00e9s do ciclos de 5 minutos de inflagem e desinflagem.<\/p>\n","protected":false},"featured_media":498,"comment_status":"closed","ping_status":"closed","template":"","meta":[],"_links":{"self":[{"href":"http:\/\/baraoequipamentos.com.br\/barao\/wp-json\/wp\/v2\/product\/499"}],"collection":[{"href":"http:\/\/baraoequipamentos.com.br\/barao\/wp-json\/wp\/v2\/product"}],"about":[{"href":"http:\/\/baraoequipamentos.com.br\/barao\/wp-json\/wp\/v2\/types\/product"}],"replies":[{"embeddable":true,"href":"http:\/\/baraoequipamentos.com.br\/barao\/wp-json\/wp\/v2\/comments?post=499"}],"wp:featuredmedia":[{"embeddable":true,"href":"http:\/\/baraoequipamentos.com.br\/barao\/wp-json\/wp\/v2\/media\/498"}],"wp:attachment":[{"href":"http:\/\/baraoequipamentos.com.br\/barao\/wp-json\/wp\/v2\/media?parent=499"}],"curies":[{"name":"wp","href":"https:\/\/api.w.org\/{rel}","templated":true}]}}