{"id":502,"date":"2018-03-12T18:43:12","date_gmt":"2018-03-12T18:43:12","guid":{"rendered":"http:\/\/baraoequipamentos.com.br\/barao\/?post_type=product&#038;p=502"},"modified":"2018-03-12T18:43:53","modified_gmt":"2018-03-12T18:43:53","slug":"mascara-para-repouso","status":"publish","type":"product","link":"http:\/\/baraoequipamentos.com.br\/barao\/produto\/mascara-para-repouso\/","title":{"rendered":"M\u00e1scara Para Repouso"},"content":{"rendered":"<p>M\u00e1scara para Repouso, possui formato anat\u00f4mico, que garante um sono relaxante, livre das perturba\u00e7\u00f5es causadas pela claridade.<br \/>\nA parte interna, confeccionada com algod\u00e3o antial\u00e9rgico, tem um toque macio, que garante conforto para a regi\u00e3o dos olhos.<br \/>\nPossui faixa el\u00e1stica com ajuste em velcro, que firma a m\u00e1scara sem causar press\u00e3o excessiva.<\/p>\n","protected":false},"excerpt":{"rendered":"<p>M\u00e1scara para Repouso, possui formato anat\u00f4mico, que garante um sono relaxante, livre das perturba\u00e7\u00f5es causadas pela claridade. A parte interna, confeccionada com algod\u00e3o antial\u00e9rgico, tem um toque macio, que garante conforto para a regi\u00e3o dos olhos. Possui faixa el\u00e1stica com ajuste em velcro, que firma a m\u00e1scara sem causar press\u00e3o excessiva.<\/p>\n","protected":false},"featured_media":503,"comment_status":"closed","ping_status":"closed","template":"","meta":[],"_links":{"self":[{"href":"http:\/\/baraoequipamentos.com.br\/barao\/wp-json\/wp\/v2\/product\/502"}],"collection":[{"href":"http:\/\/baraoequipamentos.com.br\/barao\/wp-json\/wp\/v2\/product"}],"about":[{"href":"http:\/\/baraoequipamentos.com.br\/barao\/wp-json\/wp\/v2\/types\/product"}],"replies":[{"embeddable":true,"href":"http:\/\/baraoequipamentos.com.br\/barao\/wp-json\/wp\/v2\/comments?post=502"}],"wp:featuredmedia":[{"embeddable":true,"href":"http:\/\/baraoequipamentos.com.br\/barao\/wp-json\/wp\/v2\/media\/503"}],"wp:attachment":[{"href":"http:\/\/baraoequipamentos.com.br\/barao\/wp-json\/wp\/v2\/media?parent=502"}],"curies":[{"name":"wp","href":"https:\/\/api.w.org\/{rel}","templated":true}]}}