{"id":506,"date":"2018-03-12T18:47:20","date_gmt":"2018-03-12T18:47:20","guid":{"rendered":"http:\/\/baraoequipamentos.com.br\/barao\/?post_type=product&#038;p=506"},"modified":"2018-03-12T18:47:20","modified_gmt":"2018-03-12T18:47:20","slug":"forracao-ortopedica-para-pe","status":"publish","type":"product","link":"http:\/\/baraoequipamentos.com.br\/barao\/produto\/forracao-ortopedica-para-pe\/","title":{"rendered":"Forra\u00e7\u00e3o Ortop\u00e9dica Para P\u00e9"},"content":{"rendered":"<p>Para preven\u00e7\u00e3o das \u00falceras de pele causadas por press\u00e3o constante.<br \/>\nIdeal durante longas cirurgias e recupera\u00e7\u00f5es. <\/p>\n","protected":false},"excerpt":{"rendered":"<p>Para preven\u00e7\u00e3o das \u00falceras de pele causadas por press\u00e3o constante.<\/p>\n","protected":false},"featured_media":507,"comment_status":"closed","ping_status":"closed","template":"","meta":[],"_links":{"self":[{"href":"http:\/\/baraoequipamentos.com.br\/barao\/wp-json\/wp\/v2\/product\/506"}],"collection":[{"href":"http:\/\/baraoequipamentos.com.br\/barao\/wp-json\/wp\/v2\/product"}],"about":[{"href":"http:\/\/baraoequipamentos.com.br\/barao\/wp-json\/wp\/v2\/types\/product"}],"replies":[{"embeddable":true,"href":"http:\/\/baraoequipamentos.com.br\/barao\/wp-json\/wp\/v2\/comments?post=506"}],"wp:featuredmedia":[{"embeddable":true,"href":"http:\/\/baraoequipamentos.com.br\/barao\/wp-json\/wp\/v2\/media\/507"}],"wp:attachment":[{"href":"http:\/\/baraoequipamentos.com.br\/barao\/wp-json\/wp\/v2\/media?parent=506"}],"curies":[{"name":"wp","href":"https:\/\/api.w.org\/{rel}","templated":true}]}}