{"id":510,"date":"2018-03-12T18:49:28","date_gmt":"2018-03-12T18:49:28","guid":{"rendered":"http:\/\/baraoequipamentos.com.br\/barao\/?post_type=product&#038;p=510"},"modified":"2018-03-12T18:49:28","modified_gmt":"2018-03-12T18:49:28","slug":"escada-em-aco-2-degraus","status":"publish","type":"product","link":"http:\/\/baraoequipamentos.com.br\/barao\/produto\/escada-em-aco-2-degraus\/","title":{"rendered":"Escada em A\u00e7o 2 Degraus"},"content":{"rendered":"<p>Constru\u00edda em tubo de a\u00e7o redondo.<br \/>\nPintura eletrost\u00e1tica.<br \/>\nDegraus em madeira compensado revestidos com material sint\u00e9tico antiderrapante.<br \/>\nP\u00e9s com ponteiras em PVC.<\/p>\n","protected":false},"excerpt":{"rendered":"<p>Constru\u00edda em tubo de a\u00e7o redondo.<br \/>\nPintura eletrost\u00e1tica.<\/p>\n","protected":false},"featured_media":511,"comment_status":"closed","ping_status":"closed","template":"","meta":[],"_links":{"self":[{"href":"http:\/\/baraoequipamentos.com.br\/barao\/wp-json\/wp\/v2\/product\/510"}],"collection":[{"href":"http:\/\/baraoequipamentos.com.br\/barao\/wp-json\/wp\/v2\/product"}],"about":[{"href":"http:\/\/baraoequipamentos.com.br\/barao\/wp-json\/wp\/v2\/types\/product"}],"replies":[{"embeddable":true,"href":"http:\/\/baraoequipamentos.com.br\/barao\/wp-json\/wp\/v2\/comments?post=510"}],"wp:featuredmedia":[{"embeddable":true,"href":"http:\/\/baraoequipamentos.com.br\/barao\/wp-json\/wp\/v2\/media\/511"}],"wp:attachment":[{"href":"http:\/\/baraoequipamentos.com.br\/barao\/wp-json\/wp\/v2\/media?parent=510"}],"curies":[{"name":"wp","href":"https:\/\/api.w.org\/{rel}","templated":true}]}}