{"id":512,"date":"2018-03-12T18:50:43","date_gmt":"2018-03-12T18:50:43","guid":{"rendered":"http:\/\/baraoequipamentos.com.br\/barao\/?post_type=product&#038;p=512"},"modified":"2018-03-12T18:50:43","modified_gmt":"2018-03-12T18:50:43","slug":"luvas-latex-para-procedimentos","status":"publish","type":"product","link":"http:\/\/baraoequipamentos.com.br\/barao\/produto\/luvas-latex-para-procedimentos\/","title":{"rendered":"Luvas L\u00e1tex Para Procedimentos"},"content":{"rendered":"<p>Prote\u00e7\u00e3o do profissional de sa\u00fade nos procedimentos n\u00e3o invasivos.<br \/>\nEla \u00e9 indicada para a prote\u00e7\u00e3o do profissional de sa\u00fade, em geral, durante procedimentos m\u00e9dicos e de enfermagem.<br \/>\nLuvas em l\u00e1tex 100% natural,<br \/>\nTotalmente imperme\u00e1vel \u00e1 \u00e1gua e a outros flu\u00eddos<br \/>\nSuperf\u00edcie lisa<\/p>\n","protected":false},"excerpt":{"rendered":"<p>Prote\u00e7\u00e3o do profissional de sa\u00fade nos procedimentos n\u00e3o invasivos.<br \/>\nEla \u00e9 indicada para a prote\u00e7\u00e3o do profissional de sa\u00fade, em geral, durante procedimentos m\u00e9dicos e de enfermagem.<\/p>\n","protected":false},"featured_media":513,"comment_status":"closed","ping_status":"closed","template":"","meta":[],"_links":{"self":[{"href":"http:\/\/baraoequipamentos.com.br\/barao\/wp-json\/wp\/v2\/product\/512"}],"collection":[{"href":"http:\/\/baraoequipamentos.com.br\/barao\/wp-json\/wp\/v2\/product"}],"about":[{"href":"http:\/\/baraoequipamentos.com.br\/barao\/wp-json\/wp\/v2\/types\/product"}],"replies":[{"embeddable":true,"href":"http:\/\/baraoequipamentos.com.br\/barao\/wp-json\/wp\/v2\/comments?post=512"}],"wp:featuredmedia":[{"embeddable":true,"href":"http:\/\/baraoequipamentos.com.br\/barao\/wp-json\/wp\/v2\/media\/513"}],"wp:attachment":[{"href":"http:\/\/baraoequipamentos.com.br\/barao\/wp-json\/wp\/v2\/media?parent=512"}],"curies":[{"name":"wp","href":"https:\/\/api.w.org\/{rel}","templated":true}]}}