{"id":514,"date":"2018-03-12T18:51:59","date_gmt":"2018-03-12T18:51:59","guid":{"rendered":"http:\/\/baraoequipamentos.com.br\/barao\/?post_type=product&#038;p=514"},"modified":"2018-03-12T18:53:35","modified_gmt":"2018-03-12T18:53:35","slug":"protetor-siliconizado-colchao-caixa-de-ovo","status":"publish","type":"product","link":"http:\/\/baraoequipamentos.com.br\/barao\/produto\/protetor-siliconizado-colchao-caixa-de-ovo\/","title":{"rendered":"Protetor Siliconizado Colch\u00e3o Caixa de Ovo"},"content":{"rendered":"<p>\u00c9 um produto 100% Pl\u00e1stico, P.V.C Tecido 100% Poliester.<br \/>\nSolteiro ou casal.<br \/>\nFechamento tipo envelope.<br \/>\nAnti-al\u00e9rgico .<br \/>\nAnti- \u00e1caro.<br \/>\n Lav\u00e1vel.<br \/>\n Macio.<br \/>\nMalha remov\u00edvel, super siliconizado e pr\u00e1tico.<\/p>\n","protected":false},"excerpt":{"rendered":"<p>\u00c9 um produto 100% Pl\u00e1stico, P.V.C Tecido 100% Poliester.<br \/>\nSolteiro ou casal.<br \/>\nFechamento tipo envelope.<\/p>\n","protected":false},"featured_media":515,"comment_status":"closed","ping_status":"closed","template":"","meta":[],"_links":{"self":[{"href":"http:\/\/baraoequipamentos.com.br\/barao\/wp-json\/wp\/v2\/product\/514"}],"collection":[{"href":"http:\/\/baraoequipamentos.com.br\/barao\/wp-json\/wp\/v2\/product"}],"about":[{"href":"http:\/\/baraoequipamentos.com.br\/barao\/wp-json\/wp\/v2\/types\/product"}],"replies":[{"embeddable":true,"href":"http:\/\/baraoequipamentos.com.br\/barao\/wp-json\/wp\/v2\/comments?post=514"}],"wp:featuredmedia":[{"embeddable":true,"href":"http:\/\/baraoequipamentos.com.br\/barao\/wp-json\/wp\/v2\/media\/515"}],"wp:attachment":[{"href":"http:\/\/baraoequipamentos.com.br\/barao\/wp-json\/wp\/v2\/media?parent=514"}],"curies":[{"name":"wp","href":"https:\/\/api.w.org\/{rel}","templated":true}]}}