{"id":516,"date":"2018-03-12T18:56:13","date_gmt":"2018-03-12T18:56:13","guid":{"rendered":"http:\/\/baraoequipamentos.com.br\/barao\/?post_type=product&#038;p=516"},"modified":"2018-03-12T18:56:13","modified_gmt":"2018-03-12T18:56:13","slug":"forracao-ortopedica-lencol-plastico-impermeavel","status":"publish","type":"product","link":"http:\/\/baraoequipamentos.com.br\/barao\/produto\/forracao-ortopedica-lencol-plastico-impermeavel\/","title":{"rendered":"Forra\u00e7\u00e3o Ortop\u00e9dica Len\u00e7ol Pl\u00e1stico Imperme\u00e1vel"},"content":{"rendered":"<p>Ideais para proteger seu colch\u00e3o e garantir um sono muito mais confort\u00e1vel.<br \/>\nSedosos e resistentes.<br \/>\nPossuem el\u00e1stico em toda extens\u00e3o.<br \/>\nGarantem o colch\u00e3o seco em todas as situa\u00e7\u00f5es.<br \/>\nComposi\u00e7\u00e3o: PVC de toque sedoso e el\u00e1stico estreito<\/p>\n","protected":false},"excerpt":{"rendered":"<p>Ideais para proteger seu colch\u00e3o e garantir um sono muito mais confort\u00e1vel.<br \/>\nSedosos e resistentes.<\/p>\n","protected":false},"featured_media":517,"comment_status":"closed","ping_status":"closed","template":"","meta":[],"_links":{"self":[{"href":"http:\/\/baraoequipamentos.com.br\/barao\/wp-json\/wp\/v2\/product\/516"}],"collection":[{"href":"http:\/\/baraoequipamentos.com.br\/barao\/wp-json\/wp\/v2\/product"}],"about":[{"href":"http:\/\/baraoequipamentos.com.br\/barao\/wp-json\/wp\/v2\/types\/product"}],"replies":[{"embeddable":true,"href":"http:\/\/baraoequipamentos.com.br\/barao\/wp-json\/wp\/v2\/comments?post=516"}],"wp:featuredmedia":[{"embeddable":true,"href":"http:\/\/baraoequipamentos.com.br\/barao\/wp-json\/wp\/v2\/media\/517"}],"wp:attachment":[{"href":"http:\/\/baraoequipamentos.com.br\/barao\/wp-json\/wp\/v2\/media?parent=516"}],"curies":[{"name":"wp","href":"https:\/\/api.w.org\/{rel}","templated":true}]}}