{"id":524,"date":"2018-03-12T19:03:17","date_gmt":"2018-03-12T19:03:17","guid":{"rendered":"http:\/\/baraoequipamentos.com.br\/barao\/?post_type=product&#038;p=524"},"modified":"2018-03-12T19:03:17","modified_gmt":"2018-03-12T19:03:17","slug":"bolsa-para-agua-quente","status":"publish","type":"product","link":"http:\/\/baraoequipamentos.com.br\/barao\/produto\/bolsa-para-agua-quente\/","title":{"rendered":"Bolsa Para \u00c1gua Quente"},"content":{"rendered":"<p>A bolsa para \u00e1gua quente  auxilia no tratamento de c\u00f3licas, les\u00f5es musculares e dores por meio da aplica\u00e7\u00e3o do calor, sendo indicada tamb\u00e9m para o al\u00edvio de estresse muscular e como aux\u00edlio em processos inflamat\u00f3rios.<br \/>\nSua textura exclusiva, com aletas (ranhuras) que aumentam a difus\u00e3o do calor, proporciona temperatura diferente em cada lado da bolsa.<br \/>\nPara a sua seguran\u00e7a, as bordas s\u00e3o refor\u00e7adas e o bocal \u00e9 maior e mais firme, o que facilita a coloca\u00e7\u00e3o da \u00e1gua quente.<\/p>\n","protected":false},"excerpt":{"rendered":"<p>A bolsa para \u00e1gua quente  auxilia no tratamento de c\u00f3licas, les\u00f5es musculares e dores por meio da aplica\u00e7\u00e3o do calor, sendo indicada tamb\u00e9m para o al\u00edvio de estresse muscular e como aux\u00edlio em processos inflamat\u00f3rios.<\/p>\n","protected":false},"featured_media":525,"comment_status":"closed","ping_status":"closed","template":"","meta":[],"_links":{"self":[{"href":"http:\/\/baraoequipamentos.com.br\/barao\/wp-json\/wp\/v2\/product\/524"}],"collection":[{"href":"http:\/\/baraoequipamentos.com.br\/barao\/wp-json\/wp\/v2\/product"}],"about":[{"href":"http:\/\/baraoequipamentos.com.br\/barao\/wp-json\/wp\/v2\/types\/product"}],"replies":[{"embeddable":true,"href":"http:\/\/baraoequipamentos.com.br\/barao\/wp-json\/wp\/v2\/comments?post=524"}],"wp:featuredmedia":[{"embeddable":true,"href":"http:\/\/baraoequipamentos.com.br\/barao\/wp-json\/wp\/v2\/media\/525"}],"wp:attachment":[{"href":"http:\/\/baraoequipamentos.com.br\/barao\/wp-json\/wp\/v2\/media?parent=524"}],"curies":[{"name":"wp","href":"https:\/\/api.w.org\/{rel}","templated":true}]}}