{"id":526,"date":"2018-03-12T19:04:20","date_gmt":"2018-03-12T19:04:20","guid":{"rendered":"http:\/\/baraoequipamentos.com.br\/barao\/?post_type=product&#038;p=526"},"modified":"2018-03-12T19:04:20","modified_gmt":"2018-03-12T19:04:20","slug":"bolsa-para-gelo-flexivel","status":"publish","type":"product","link":"http:\/\/baraoequipamentos.com.br\/barao\/produto\/bolsa-para-gelo-flexivel\/","title":{"rendered":"Bolsa Para Gelo Flex\u00edvel"},"content":{"rendered":"<p>A bolsa flex\u00edvel para gelo \u00e9 ideal para a aplica\u00e7\u00e3o do frio como tratamento de les\u00f5es musculares e dores em geral.<br \/>\n\u00c9 confeccionada em material flex\u00edvel e macio, que permite o uso de forma eficiente e confort\u00e1vel.<\/p>\n","protected":false},"excerpt":{"rendered":"<p>A bolsa flex\u00edvel para gelo \u00e9 ideal para a aplica\u00e7\u00e3o do frio como tratamento de les\u00f5es musculares e dores em geral. <\/p>\n","protected":false},"featured_media":527,"comment_status":"closed","ping_status":"closed","template":"","meta":[],"_links":{"self":[{"href":"http:\/\/baraoequipamentos.com.br\/barao\/wp-json\/wp\/v2\/product\/526"}],"collection":[{"href":"http:\/\/baraoequipamentos.com.br\/barao\/wp-json\/wp\/v2\/product"}],"about":[{"href":"http:\/\/baraoequipamentos.com.br\/barao\/wp-json\/wp\/v2\/types\/product"}],"replies":[{"embeddable":true,"href":"http:\/\/baraoequipamentos.com.br\/barao\/wp-json\/wp\/v2\/comments?post=526"}],"wp:featuredmedia":[{"embeddable":true,"href":"http:\/\/baraoequipamentos.com.br\/barao\/wp-json\/wp\/v2\/media\/527"}],"wp:attachment":[{"href":"http:\/\/baraoequipamentos.com.br\/barao\/wp-json\/wp\/v2\/media?parent=526"}],"curies":[{"name":"wp","href":"https:\/\/api.w.org\/{rel}","templated":true}]}}