{"id":528,"date":"2018-03-12T19:05:38","date_gmt":"2018-03-12T19:05:38","guid":{"rendered":"http:\/\/baraoequipamentos.com.br\/barao\/?post_type=product&#038;p=528"},"modified":"2018-03-12T19:05:38","modified_gmt":"2018-03-12T19:05:38","slug":"bolsa-para-gelo","status":"publish","type":"product","link":"http:\/\/baraoequipamentos.com.br\/barao\/produto\/bolsa-para-gelo\/","title":{"rendered":"Bolsa Para Gelo"},"content":{"rendered":"<p>Dores causadas por les\u00f5es musculares, contus\u00f5es, distens\u00f5es e entorses podem limitar os movimentos, comprometendo o bem estar.<br \/>\nPor isso, a bolsa para gelo, que facilita a aplica\u00e7\u00e3o do frio no local afetado, diminuindo incha\u00e7os e outros sintomas.<br \/>\nA fun\u00e7\u00e3o analg\u00e9sica da crioterapia tamb\u00e9m \u00e9 eficaz em casos de febre e dores agudas.<\/p>\n","protected":false},"excerpt":{"rendered":"<p>Dores causadas por les\u00f5es musculares, contus\u00f5es, distens\u00f5es e entorses podem limitar os movimentos, comprometendo o bem estar.<\/p>\n","protected":false},"featured_media":529,"comment_status":"closed","ping_status":"closed","template":"","meta":[],"_links":{"self":[{"href":"http:\/\/baraoequipamentos.com.br\/barao\/wp-json\/wp\/v2\/product\/528"}],"collection":[{"href":"http:\/\/baraoequipamentos.com.br\/barao\/wp-json\/wp\/v2\/product"}],"about":[{"href":"http:\/\/baraoequipamentos.com.br\/barao\/wp-json\/wp\/v2\/types\/product"}],"replies":[{"embeddable":true,"href":"http:\/\/baraoequipamentos.com.br\/barao\/wp-json\/wp\/v2\/comments?post=528"}],"wp:featuredmedia":[{"embeddable":true,"href":"http:\/\/baraoequipamentos.com.br\/barao\/wp-json\/wp\/v2\/media\/529"}],"wp:attachment":[{"href":"http:\/\/baraoequipamentos.com.br\/barao\/wp-json\/wp\/v2\/media?parent=528"}],"curies":[{"name":"wp","href":"https:\/\/api.w.org\/{rel}","templated":true}]}}