{"id":530,"date":"2018-03-12T19:06:37","date_gmt":"2018-03-12T19:06:37","guid":{"rendered":"http:\/\/baraoequipamentos.com.br\/barao\/?post_type=product&#038;p=530"},"modified":"2018-03-12T19:06:37","modified_gmt":"2018-03-12T19:06:37","slug":"bolsa-termica-de-gel","status":"publish","type":"product","link":"http:\/\/baraoequipamentos.com.br\/barao\/produto\/bolsa-termica-de-gel\/","title":{"rendered":"Bolsa T\u00e9rmica de Gel"},"content":{"rendered":"<p>A Bolsa T\u00e9rmica Gel foi desenvolvida para facilitar a aplica\u00e7\u00e3o da terapia de frio e calor.<br \/>\nCom formato anat\u00f4mico e dimens\u00f5es apropriadas para ser usada em regi\u00f5es do corpo que exijam maior \u00e1rea de contato.<\/p>\n","protected":false},"excerpt":{"rendered":"<p>A Bolsa T\u00e9rmica Gel foi desenvolvida para facilitar a aplica\u00e7\u00e3o da terapia de frio e calor.<\/p>\n","protected":false},"featured_media":531,"comment_status":"closed","ping_status":"closed","template":"","meta":[],"_links":{"self":[{"href":"http:\/\/baraoequipamentos.com.br\/barao\/wp-json\/wp\/v2\/product\/530"}],"collection":[{"href":"http:\/\/baraoequipamentos.com.br\/barao\/wp-json\/wp\/v2\/product"}],"about":[{"href":"http:\/\/baraoequipamentos.com.br\/barao\/wp-json\/wp\/v2\/types\/product"}],"replies":[{"embeddable":true,"href":"http:\/\/baraoequipamentos.com.br\/barao\/wp-json\/wp\/v2\/comments?post=530"}],"wp:featuredmedia":[{"embeddable":true,"href":"http:\/\/baraoequipamentos.com.br\/barao\/wp-json\/wp\/v2\/media\/531"}],"wp:attachment":[{"href":"http:\/\/baraoequipamentos.com.br\/barao\/wp-json\/wp\/v2\/media?parent=530"}],"curies":[{"name":"wp","href":"https:\/\/api.w.org\/{rel}","templated":true}]}}