{"id":532,"date":"2018-03-12T19:08:08","date_gmt":"2018-03-12T19:08:08","guid":{"rendered":"http:\/\/baraoequipamentos.com.br\/barao\/?post_type=product&#038;p=532"},"modified":"2018-03-12T19:08:08","modified_gmt":"2018-03-12T19:08:08","slug":"aparelho-para-medir-pressao","status":"publish","type":"product","link":"http:\/\/baraoequipamentos.com.br\/barao\/produto\/aparelho-para-medir-pressao\/","title":{"rendered":"Aparelho Para Medir Press\u00e3o"},"content":{"rendered":"<p>Aparelho de press\u00e3o adulto + Estetosc\u00f3pio Simples.<\/p>\n","protected":false},"excerpt":{"rendered":"<p>Aparelho de press\u00e3o adulto + Estetosc\u00f3pio Simples.<\/p>\n","protected":false},"featured_media":533,"comment_status":"closed","ping_status":"closed","template":"","meta":[],"_links":{"self":[{"href":"http:\/\/baraoequipamentos.com.br\/barao\/wp-json\/wp\/v2\/product\/532"}],"collection":[{"href":"http:\/\/baraoequipamentos.com.br\/barao\/wp-json\/wp\/v2\/product"}],"about":[{"href":"http:\/\/baraoequipamentos.com.br\/barao\/wp-json\/wp\/v2\/types\/product"}],"replies":[{"embeddable":true,"href":"http:\/\/baraoequipamentos.com.br\/barao\/wp-json\/wp\/v2\/comments?post=532"}],"wp:featuredmedia":[{"embeddable":true,"href":"http:\/\/baraoequipamentos.com.br\/barao\/wp-json\/wp\/v2\/media\/533"}],"wp:attachment":[{"href":"http:\/\/baraoequipamentos.com.br\/barao\/wp-json\/wp\/v2\/media?parent=532"}],"curies":[{"name":"wp","href":"https:\/\/api.w.org\/{rel}","templated":true}]}}