{"id":536,"date":"2018-03-12T19:11:13","date_gmt":"2018-03-12T19:11:13","guid":{"rendered":"http:\/\/baraoequipamentos.com.br\/barao\/?post_type=product&#038;p=536"},"modified":"2018-03-12T19:15:38","modified_gmt":"2018-03-12T19:15:38","slug":"monitor-de-pressao-arterial-digital-automatico-de-braco","status":"publish","type":"product","link":"http:\/\/baraoequipamentos.com.br\/barao\/produto\/monitor-de-pressao-arterial-digital-automatico-de-braco\/","title":{"rendered":"Monitor de Press\u00e3o Arterial Digital Autom\u00e1tico de Bra\u00e7o"},"content":{"rendered":"<p>Bra\u00e7adeira destinada para o Aparelho de Press\u00e3o Digital de Bra\u00e7o Autom\u00e1tico.<br \/>\nCircunfer\u00eancia do bra\u00e7o: 24 a 35 cm.<br \/>\nModelo Adulto.<\/p>\n","protected":false},"excerpt":{"rendered":"<p>Bra\u00e7adeira destinada para o Aparelho de Press\u00e3o Digital de Bra\u00e7o Autom\u00e1tico.<\/p>\n","protected":false},"featured_media":537,"comment_status":"closed","ping_status":"closed","template":"","meta":[],"_links":{"self":[{"href":"http:\/\/baraoequipamentos.com.br\/barao\/wp-json\/wp\/v2\/product\/536"}],"collection":[{"href":"http:\/\/baraoequipamentos.com.br\/barao\/wp-json\/wp\/v2\/product"}],"about":[{"href":"http:\/\/baraoequipamentos.com.br\/barao\/wp-json\/wp\/v2\/types\/product"}],"replies":[{"embeddable":true,"href":"http:\/\/baraoequipamentos.com.br\/barao\/wp-json\/wp\/v2\/comments?post=536"}],"wp:featuredmedia":[{"embeddable":true,"href":"http:\/\/baraoequipamentos.com.br\/barao\/wp-json\/wp\/v2\/media\/537"}],"wp:attachment":[{"href":"http:\/\/baraoequipamentos.com.br\/barao\/wp-json\/wp\/v2\/media?parent=536"}],"curies":[{"name":"wp","href":"https:\/\/api.w.org\/{rel}","templated":true}]}}