{"id":540,"date":"2018-03-12T19:16:43","date_gmt":"2018-03-12T19:16:43","guid":{"rendered":"http:\/\/baraoequipamentos.com.br\/barao\/?post_type=product&#038;p=540"},"modified":"2018-03-12T19:16:43","modified_gmt":"2018-03-12T19:16:43","slug":"go-pauher","status":"publish","type":"product","link":"http:\/\/baraoequipamentos.com.br\/barao\/produto\/go-pauher\/","title":{"rendered":"GO PAUHER"},"content":{"rendered":"<p>Este inovador acess\u00f3rio pode ser utilizado por pessoas de todas as idades protegendo e prevenindo a forma\u00e7\u00e3o de calos, calosidades e ferimentos nas m\u00e3os dos cadeirantes, al\u00e9m de evitar a desagrad\u00e1vel sensa\u00e7\u00e3o de tocar no Aro Met\u00e1lico, isolando a temperatura do calor do ver\u00e3o ou do frio do inverno dando uma \u00abpegada\u00bb firme e macia.<br \/>\nProtege do contato com aro enferrujado, danificado e demais sujeiras.<br \/>\nAuxilia na adapta\u00e7\u00e3o do cadeirante, otimizando o desempenho e performance.<br \/>\nGo-Pauher encaixa perfeitamente em segundos no aro impulsor sem a necessidade de ferramentas.   <\/p>\n","protected":false},"excerpt":{"rendered":"<p>Este inovador acess\u00f3rio pode ser utilizado por pessoas de todas as idades protegendo e prevenindo a forma\u00e7\u00e3o de calos, calosidades e ferimentos nas m\u00e3os dos cadeirantes, al\u00e9m de evitar a desagrad\u00e1vel sensa\u00e7\u00e3o de tocar no Aro Met\u00e1lico, isolando a temperatura do calor do ver\u00e3o ou do frio do inverno dando uma \u00abpegada\u00bb firme e macia. <\/p>\n","protected":false},"featured_media":541,"comment_status":"closed","ping_status":"closed","template":"","meta":[],"_links":{"self":[{"href":"http:\/\/baraoequipamentos.com.br\/barao\/wp-json\/wp\/v2\/product\/540"}],"collection":[{"href":"http:\/\/baraoequipamentos.com.br\/barao\/wp-json\/wp\/v2\/product"}],"about":[{"href":"http:\/\/baraoequipamentos.com.br\/barao\/wp-json\/wp\/v2\/types\/product"}],"replies":[{"embeddable":true,"href":"http:\/\/baraoequipamentos.com.br\/barao\/wp-json\/wp\/v2\/comments?post=540"}],"wp:featuredmedia":[{"embeddable":true,"href":"http:\/\/baraoequipamentos.com.br\/barao\/wp-json\/wp\/v2\/media\/541"}],"wp:attachment":[{"href":"http:\/\/baraoequipamentos.com.br\/barao\/wp-json\/wp\/v2\/media?parent=540"}],"curies":[{"name":"wp","href":"https:\/\/api.w.org\/{rel}","templated":true}]}}