{"id":544,"date":"2018-03-15T17:18:11","date_gmt":"2018-03-15T17:18:11","guid":{"rendered":"http:\/\/baraoequipamentos.com.br\/barao\/?post_type=product&#038;p=544"},"modified":"2018-03-15T17:18:11","modified_gmt":"2018-03-15T17:18:11","slug":"colar-cervical-espuma","status":"publish","type":"product","link":"http:\/\/baraoequipamentos.com.br\/barao\/produto\/colar-cervical-espuma\/","title":{"rendered":"Colar Cervical Espuma"},"content":{"rendered":"<p>O colar cervical t\u00eam como finalidade, imobilizar a cervical, controlando os movimentos do pesco\u00e7o e proporcionando assim, seguran\u00e7a para os que necessitam de cuidados especiais em traumatismos.<br \/>\nElaborado com material de alta qualidade garantindo maior conforto no uso do produto. <\/p>\n","protected":false},"excerpt":{"rendered":"<p>O colar cervical t\u00eam como finalidade, imobilizar a cervical, controlando os movimentos do pesco\u00e7o e proporcionando assim, seguran\u00e7a para os que necessitam de cuidados especiais em traumatismos. <\/p>\n","protected":false},"featured_media":543,"comment_status":"closed","ping_status":"closed","template":"","meta":[],"_links":{"self":[{"href":"http:\/\/baraoequipamentos.com.br\/barao\/wp-json\/wp\/v2\/product\/544"}],"collection":[{"href":"http:\/\/baraoequipamentos.com.br\/barao\/wp-json\/wp\/v2\/product"}],"about":[{"href":"http:\/\/baraoequipamentos.com.br\/barao\/wp-json\/wp\/v2\/types\/product"}],"replies":[{"embeddable":true,"href":"http:\/\/baraoequipamentos.com.br\/barao\/wp-json\/wp\/v2\/comments?post=544"}],"wp:featuredmedia":[{"embeddable":true,"href":"http:\/\/baraoequipamentos.com.br\/barao\/wp-json\/wp\/v2\/media\/543"}],"wp:attachment":[{"href":"http:\/\/baraoequipamentos.com.br\/barao\/wp-json\/wp\/v2\/media?parent=544"}],"curies":[{"name":"wp","href":"https:\/\/api.w.org\/{rel}","templated":true}]}}