{"id":545,"date":"2018-03-15T17:20:11","date_gmt":"2018-03-15T17:20:11","guid":{"rendered":"http:\/\/baraoequipamentos.com.br\/barao\/?post_type=product&#038;p=545"},"modified":"2018-03-15T17:20:11","modified_gmt":"2018-03-15T17:20:11","slug":"cinta-abdominal","status":"publish","type":"product","link":"http:\/\/baraoequipamentos.com.br\/barao\/produto\/cinta-abdominal\/","title":{"rendered":"Cinta Abdominal"},"content":{"rendered":"<p>A cinta abdominal  oferece suporte e compress\u00e3o \u00e0 regi\u00e3o do abd\u00f4men e lombar, diminuindo o risco de les\u00f5es por sobrecarga na musculatura das costas e auxiliando na postura. A compress\u00e3o pode ser ajustada conforme a necessidade atrav\u00e9s do fecho aderente.<br \/>\nRet\u00e9m o calor devido ao material em neoprene, mantendo a regi\u00e3o aquecida e auxiliando no al\u00edvio da dor.<\/p>\n","protected":false},"excerpt":{"rendered":"<p>A cinta abdominal  oferece suporte e compress\u00e3o \u00e0 regi\u00e3o do abd\u00f4men e lombar, diminuindo o risco de les\u00f5es por sobrecarga na musculatura das costas e auxiliando na postura. A compress\u00e3o pode ser ajustada conforme a necessidade atrav\u00e9s do fecho aderente. <\/p>\n","protected":false},"featured_media":546,"comment_status":"closed","ping_status":"closed","template":"","meta":[],"_links":{"self":[{"href":"http:\/\/baraoequipamentos.com.br\/barao\/wp-json\/wp\/v2\/product\/545"}],"collection":[{"href":"http:\/\/baraoequipamentos.com.br\/barao\/wp-json\/wp\/v2\/product"}],"about":[{"href":"http:\/\/baraoequipamentos.com.br\/barao\/wp-json\/wp\/v2\/types\/product"}],"replies":[{"embeddable":true,"href":"http:\/\/baraoequipamentos.com.br\/barao\/wp-json\/wp\/v2\/comments?post=545"}],"wp:featuredmedia":[{"embeddable":true,"href":"http:\/\/baraoequipamentos.com.br\/barao\/wp-json\/wp\/v2\/media\/546"}],"wp:attachment":[{"href":"http:\/\/baraoequipamentos.com.br\/barao\/wp-json\/wp\/v2\/media?parent=545"}],"curies":[{"name":"wp","href":"https:\/\/api.w.org\/{rel}","templated":true}]}}