{"id":547,"date":"2018-03-15T17:21:24","date_gmt":"2018-03-15T17:21:24","guid":{"rendered":"http:\/\/baraoequipamentos.com.br\/barao\/?post_type=product&#038;p=547"},"modified":"2018-03-15T17:21:24","modified_gmt":"2018-03-15T17:21:24","slug":"cinta-lombar-com-hastes-de-aco-flexivel","status":"publish","type":"product","link":"http:\/\/baraoequipamentos.com.br\/barao\/produto\/cinta-lombar-com-hastes-de-aco-flexivel\/","title":{"rendered":"Cinta Lombar com Hastes de A\u00e7o Flex\u00edvel"},"content":{"rendered":"<p>A cinta possui hastes de a\u00e7o flex\u00edvel em sua estrutura, que se adequam ao formato do corpo e contribuem para a corre\u00e7\u00e3o da postura.<br \/>\nRet\u00e9m o calor devido ao material em neoprene, mantendo a regi\u00e3o aquecida e auxiliando no al\u00edvio da dor. <\/p>\n","protected":false},"excerpt":{"rendered":"<p>A cinta possui hastes de a\u00e7o flex\u00edvel em sua estrutura, que se adequam ao formato do corpo e contribuem para a corre\u00e7\u00e3o da postura. <\/p>\n","protected":false},"featured_media":548,"comment_status":"closed","ping_status":"closed","template":"","meta":[],"_links":{"self":[{"href":"http:\/\/baraoequipamentos.com.br\/barao\/wp-json\/wp\/v2\/product\/547"}],"collection":[{"href":"http:\/\/baraoequipamentos.com.br\/barao\/wp-json\/wp\/v2\/product"}],"about":[{"href":"http:\/\/baraoequipamentos.com.br\/barao\/wp-json\/wp\/v2\/types\/product"}],"replies":[{"embeddable":true,"href":"http:\/\/baraoequipamentos.com.br\/barao\/wp-json\/wp\/v2\/comments?post=547"}],"wp:featuredmedia":[{"embeddable":true,"href":"http:\/\/baraoequipamentos.com.br\/barao\/wp-json\/wp\/v2\/media\/548"}],"wp:attachment":[{"href":"http:\/\/baraoequipamentos.com.br\/barao\/wp-json\/wp\/v2\/media?parent=547"}],"curies":[{"name":"wp","href":"https:\/\/api.w.org\/{rel}","templated":true}]}}