{"id":551,"date":"2018-03-15T17:23:40","date_gmt":"2018-03-15T17:23:40","guid":{"rendered":"http:\/\/baraoequipamentos.com.br\/barao\/?post_type=product&#038;p=551"},"modified":"2018-03-15T17:23:40","modified_gmt":"2018-03-15T17:23:40","slug":"colete-putti-elastico","status":"publish","type":"product","link":"http:\/\/baraoequipamentos.com.br\/barao\/produto\/colete-putti-elastico\/","title":{"rendered":"Colete Putti El\u00e1stico"},"content":{"rendered":"<p>Confeccionado em el\u00e1stico de alta resist\u00eancia que garante durabilidade ao produto.<br \/>\nAs talas internas em duralum\u00ednio devem ser moldadas ao corpo por um profissional da sa\u00fade e d\u00e3o a estabiliza\u00e7\u00e3o necess\u00e1ria \u00e0 regi\u00e3o lombossacral ou dorso-lombo sacral.<br \/>\nOs fechos aderentes permitem melhor ajuste ao corpo.<br \/>\nAs faixas el\u00e1sticas sobrepostas aumentam a estabiliza\u00e7\u00e3o.<br \/>\nDispon\u00edvel em duas op\u00e7\u00f5es: alto e baixo.<\/p>\n","protected":false},"excerpt":{"rendered":"<p>Confeccionado em el\u00e1stico de alta resist\u00eancia que garante durabilidade ao produto.<br \/>\nAs talas internas em duralum\u00ednio devem ser moldadas ao corpo por um profissional da sa\u00fade e d\u00e3o a estabiliza\u00e7\u00e3o necess\u00e1ria \u00e0 regi\u00e3o lombossacral ou dorso-lombo sacral.<\/p>\n","protected":false},"featured_media":552,"comment_status":"closed","ping_status":"closed","template":"","meta":[],"_links":{"self":[{"href":"http:\/\/baraoequipamentos.com.br\/barao\/wp-json\/wp\/v2\/product\/551"}],"collection":[{"href":"http:\/\/baraoequipamentos.com.br\/barao\/wp-json\/wp\/v2\/product"}],"about":[{"href":"http:\/\/baraoequipamentos.com.br\/barao\/wp-json\/wp\/v2\/types\/product"}],"replies":[{"embeddable":true,"href":"http:\/\/baraoequipamentos.com.br\/barao\/wp-json\/wp\/v2\/comments?post=551"}],"wp:featuredmedia":[{"embeddable":true,"href":"http:\/\/baraoequipamentos.com.br\/barao\/wp-json\/wp\/v2\/media\/552"}],"wp:attachment":[{"href":"http:\/\/baraoequipamentos.com.br\/barao\/wp-json\/wp\/v2\/media?parent=551"}],"curies":[{"name":"wp","href":"https:\/\/api.w.org\/{rel}","templated":true}]}}