{"id":557,"date":"2018-03-15T17:27:07","date_gmt":"2018-03-15T17:27:07","guid":{"rendered":"http:\/\/baraoequipamentos.com.br\/barao\/?post_type=product&#038;p=557"},"modified":"2018-03-15T17:27:07","modified_gmt":"2018-03-15T17:27:07","slug":"faixa-toracica-elastica","status":"publish","type":"product","link":"http:\/\/baraoequipamentos.com.br\/barao\/produto\/faixa-toracica-elastica\/","title":{"rendered":"Faixa Tor\u00e1cica El\u00e1stica"},"content":{"rendered":"<p>Fabricada em material macio o que garante mais conforto.<br \/>\nConfeccionada em el\u00e1stico com fechos aderentes e ajust\u00e1veis para adequar a compress\u00e3o conforme necess\u00e1rio.<\/p>\n","protected":false},"excerpt":{"rendered":"<p>Fabricada em material macio o que garante mais conforto.<\/p>\n","protected":false},"featured_media":558,"comment_status":"closed","ping_status":"closed","template":"","meta":[],"_links":{"self":[{"href":"http:\/\/baraoequipamentos.com.br\/barao\/wp-json\/wp\/v2\/product\/557"}],"collection":[{"href":"http:\/\/baraoequipamentos.com.br\/barao\/wp-json\/wp\/v2\/product"}],"about":[{"href":"http:\/\/baraoequipamentos.com.br\/barao\/wp-json\/wp\/v2\/types\/product"}],"replies":[{"embeddable":true,"href":"http:\/\/baraoequipamentos.com.br\/barao\/wp-json\/wp\/v2\/comments?post=557"}],"wp:featuredmedia":[{"embeddable":true,"href":"http:\/\/baraoequipamentos.com.br\/barao\/wp-json\/wp\/v2\/media\/558"}],"wp:attachment":[{"href":"http:\/\/baraoequipamentos.com.br\/barao\/wp-json\/wp\/v2\/media?parent=557"}],"curies":[{"name":"wp","href":"https:\/\/api.w.org\/{rel}","templated":true}]}}