{"id":561,"date":"2018-03-15T17:29:17","date_gmt":"2018-03-15T17:29:17","guid":{"rendered":"http:\/\/baraoequipamentos.com.br\/barao\/?post_type=product&#038;p=561"},"modified":"2018-03-15T17:29:17","modified_gmt":"2018-03-15T17:29:17","slug":"faixa-abdominal-elastica","status":"publish","type":"product","link":"http:\/\/baraoequipamentos.com.br\/barao\/produto\/faixa-abdominal-elastica\/","title":{"rendered":"Faixa Abdominal El\u00e1stica"},"content":{"rendered":"<p>A faixa abdominal el\u00e1stica auxilia no tratamento de traumatismos musculares e na recupera\u00e7\u00e3o p\u00f3s-cir\u00fargica na regi\u00e3o do abd\u00f4men, contribuindo tamb\u00e9m para a corre\u00e7\u00e3o postural.<br \/>\nO fecho aderente permite o ajuste da compress\u00e3o conforme a necessidade, garantindo assim o conforto durante o uso.<br \/>\nCom hastes flex\u00edveis ou sem haste.<\/p>\n","protected":false},"excerpt":{"rendered":"<p>A faixa abdominal el\u00e1stica auxilia no tratamento de traumatismos musculares e na recupera\u00e7\u00e3o p\u00f3s-cir\u00fargica na regi\u00e3o do abd\u00f4men, contribuindo tamb\u00e9m para a corre\u00e7\u00e3o postural<\/p>\n","protected":false},"featured_media":562,"comment_status":"closed","ping_status":"closed","template":"","meta":[],"_links":{"self":[{"href":"http:\/\/baraoequipamentos.com.br\/barao\/wp-json\/wp\/v2\/product\/561"}],"collection":[{"href":"http:\/\/baraoequipamentos.com.br\/barao\/wp-json\/wp\/v2\/product"}],"about":[{"href":"http:\/\/baraoequipamentos.com.br\/barao\/wp-json\/wp\/v2\/types\/product"}],"replies":[{"embeddable":true,"href":"http:\/\/baraoequipamentos.com.br\/barao\/wp-json\/wp\/v2\/comments?post=561"}],"wp:featuredmedia":[{"embeddable":true,"href":"http:\/\/baraoequipamentos.com.br\/barao\/wp-json\/wp\/v2\/media\/562"}],"wp:attachment":[{"href":"http:\/\/baraoequipamentos.com.br\/barao\/wp-json\/wp\/v2\/media?parent=561"}],"curies":[{"name":"wp","href":"https:\/\/api.w.org\/{rel}","templated":true}]}}