{"id":563,"date":"2018-03-15T17:30:15","date_gmt":"2018-03-15T17:30:15","guid":{"rendered":"http:\/\/baraoequipamentos.com.br\/barao\/?post_type=product&#038;p=563"},"modified":"2018-03-15T17:30:15","modified_gmt":"2018-03-15T17:30:15","slug":"faixa-termica","status":"publish","type":"product","link":"http:\/\/baraoequipamentos.com.br\/barao\/produto\/faixa-termica\/","title":{"rendered":"Faixa T\u00e9rmica"},"content":{"rendered":"<p>A faixa t\u00e9rmica com infravermelho longo proporciona calor extremamente ben\u00e9fico no tratamento est\u00e9tico e fisioter\u00e1pico.<br \/>\nPara aplica\u00e7\u00e3o de calor localizado em ci\u00e1tico, coluna, ombros, c\u00f3licas, entre outros. Substitui com muita praticidade a bolsa de \u00e1gua quente, pois n\u00e3o vaza, n\u00e3o esfria e n\u00e3o \u00e9 volumosa.<br \/>\nEm nylon.<br \/>\nFus\u00edvel de seguran\u00e7a.<br \/>\n10 temperaturas.<br \/>\nNo uso est\u00e9tico associado \u00e0 drenagem linf\u00e1tica, auxilia nos procedimentos com excelentes resultados.<\/p>\n","protected":false},"excerpt":{"rendered":"<p>A faixa t\u00e9rmica com infravermelho longo proporciona calor extremamente ben\u00e9fico no tratamento est\u00e9tico e fisioter\u00e1pico.<\/p>\n","protected":false},"featured_media":564,"comment_status":"closed","ping_status":"closed","template":"","meta":[],"_links":{"self":[{"href":"http:\/\/baraoequipamentos.com.br\/barao\/wp-json\/wp\/v2\/product\/563"}],"collection":[{"href":"http:\/\/baraoequipamentos.com.br\/barao\/wp-json\/wp\/v2\/product"}],"about":[{"href":"http:\/\/baraoequipamentos.com.br\/barao\/wp-json\/wp\/v2\/types\/product"}],"replies":[{"embeddable":true,"href":"http:\/\/baraoequipamentos.com.br\/barao\/wp-json\/wp\/v2\/comments?post=563"}],"wp:featuredmedia":[{"embeddable":true,"href":"http:\/\/baraoequipamentos.com.br\/barao\/wp-json\/wp\/v2\/media\/564"}],"wp:attachment":[{"href":"http:\/\/baraoequipamentos.com.br\/barao\/wp-json\/wp\/v2\/media?parent=563"}],"curies":[{"name":"wp","href":"https:\/\/api.w.org\/{rel}","templated":true}]}}