{"id":567,"date":"2018-03-15T17:32:43","date_gmt":"2018-03-15T17:32:43","guid":{"rendered":"http:\/\/baraoequipamentos.com.br\/barao\/?post_type=product&#038;p=567"},"modified":"2018-03-15T17:32:43","modified_gmt":"2018-03-15T17:32:43","slug":"suspensorio-escrotal","status":"publish","type":"product","link":"http:\/\/baraoequipamentos.com.br\/barao\/produto\/suspensorio-escrotal\/","title":{"rendered":"Suspens\u00f3rio Escrotal"},"content":{"rendered":"<p>O Suspens\u00f3rio Escrotal oferece suporte e prote\u00e7\u00e3o \u00e0 regi\u00e3o escrotal, proporcionando al\u00edvio da tens\u00e3o e da fadiga dos m\u00fasculos.<br \/>\n\u00c9 ideal tanto para a pr\u00e1tica de esportes quanto para a recupera\u00e7\u00e3o p\u00f3s-operat\u00f3ria.<br \/>\nO formato anat\u00f4mico e o tecido confort\u00e1vel garantem o bem-estar durante o uso do produto.<\/p>\n","protected":false},"excerpt":{"rendered":"<p>O Suspens\u00f3rio Escrotal oferece suporte e prote\u00e7\u00e3o \u00e0 regi\u00e3o escrotal, proporcionando al\u00edvio da tens\u00e3o e da fadiga dos m\u00fasculos. <\/p>\n","protected":false},"featured_media":568,"comment_status":"closed","ping_status":"closed","template":"","meta":[],"_links":{"self":[{"href":"http:\/\/baraoequipamentos.com.br\/barao\/wp-json\/wp\/v2\/product\/567"}],"collection":[{"href":"http:\/\/baraoequipamentos.com.br\/barao\/wp-json\/wp\/v2\/product"}],"about":[{"href":"http:\/\/baraoequipamentos.com.br\/barao\/wp-json\/wp\/v2\/types\/product"}],"replies":[{"embeddable":true,"href":"http:\/\/baraoequipamentos.com.br\/barao\/wp-json\/wp\/v2\/comments?post=567"}],"wp:featuredmedia":[{"embeddable":true,"href":"http:\/\/baraoequipamentos.com.br\/barao\/wp-json\/wp\/v2\/media\/568"}],"wp:attachment":[{"href":"http:\/\/baraoequipamentos.com.br\/barao\/wp-json\/wp\/v2\/media?parent=567"}],"curies":[{"name":"wp","href":"https:\/\/api.w.org\/{rel}","templated":true}]}}