{"id":569,"date":"2018-03-15T17:34:26","date_gmt":"2018-03-15T17:34:26","guid":{"rendered":"http:\/\/baraoequipamentos.com.br\/barao\/?post_type=product&#038;p=569"},"modified":"2018-03-15T17:34:26","modified_gmt":"2018-03-15T17:34:26","slug":"suporte-para-bolsa-de-gel-01-alca","status":"publish","type":"product","link":"http:\/\/baraoequipamentos.com.br\/barao\/produto\/suporte-para-bolsa-de-gel-01-alca\/","title":{"rendered":"Suporte para Bolsa de Gel \u2013 01 Al\u00e7a"},"content":{"rendered":"<p>O Suporte para bolsa de gel 01 al\u00e7a facilita a aplica\u00e7\u00e3o da bolsa t\u00e9rmica de gel, pois permite a movimenta\u00e7\u00e3o, proporcionando suporte e compress\u00e3o durante a aplica\u00e7\u00e3o de terapias baseadas em frio e calor.<br \/>\nA compress\u00e3o pode ser ajustada conforme a necessidade<br \/>\n. Ret\u00e9m a temperatura devido o material em neoprene. <\/p>\n","protected":false},"excerpt":{"rendered":"<p>(ACOMPANHA BOLSA GEL)<\/p>\n","protected":false},"featured_media":570,"comment_status":"closed","ping_status":"closed","template":"","meta":[],"_links":{"self":[{"href":"http:\/\/baraoequipamentos.com.br\/barao\/wp-json\/wp\/v2\/product\/569"}],"collection":[{"href":"http:\/\/baraoequipamentos.com.br\/barao\/wp-json\/wp\/v2\/product"}],"about":[{"href":"http:\/\/baraoequipamentos.com.br\/barao\/wp-json\/wp\/v2\/types\/product"}],"replies":[{"embeddable":true,"href":"http:\/\/baraoequipamentos.com.br\/barao\/wp-json\/wp\/v2\/comments?post=569"}],"wp:featuredmedia":[{"embeddable":true,"href":"http:\/\/baraoequipamentos.com.br\/barao\/wp-json\/wp\/v2\/media\/570"}],"wp:attachment":[{"href":"http:\/\/baraoequipamentos.com.br\/barao\/wp-json\/wp\/v2\/media?parent=569"}],"curies":[{"name":"wp","href":"https:\/\/api.w.org\/{rel}","templated":true}]}}