{"id":577,"date":"2018-03-15T17:40:28","date_gmt":"2018-03-15T17:40:28","guid":{"rendered":"http:\/\/baraoequipamentos.com.br\/barao\/?post_type=product&#038;p=577"},"modified":"2018-03-15T17:40:28","modified_gmt":"2018-03-15T17:40:28","slug":"atadura-elastica-bandage","status":"publish","type":"product","link":"http:\/\/baraoequipamentos.com.br\/barao\/produto\/atadura-elastica-bandage\/","title":{"rendered":"Atadura El\u00e1stica Bandage"},"content":{"rendered":"<p>A atadura el\u00e1stica &#8211; bandagem  auxilia na preven\u00e7\u00e3o e no tratamento de les\u00f5es musculares e de articula\u00e7\u00f5es, dando suporte e prote\u00e7\u00e3o \u00e0 regi\u00e3o em que \u00e9 usada.<br \/>\nIndicada tamb\u00e9m no tratamento de varizes e para enfaixamentos compressivos em geral.<\/p>\n","protected":false},"excerpt":{"rendered":"<p>A atadura el\u00e1stica &#8211; bandagem  auxilia na preven\u00e7\u00e3o e no tratamento de les\u00f5es musculares e de articula\u00e7\u00f5es, dando suporte e prote\u00e7\u00e3o \u00e0 regi\u00e3o em que \u00e9 usada.<\/p>\n","protected":false},"featured_media":578,"comment_status":"closed","ping_status":"closed","template":"","meta":[],"_links":{"self":[{"href":"http:\/\/baraoequipamentos.com.br\/barao\/wp-json\/wp\/v2\/product\/577"}],"collection":[{"href":"http:\/\/baraoequipamentos.com.br\/barao\/wp-json\/wp\/v2\/product"}],"about":[{"href":"http:\/\/baraoequipamentos.com.br\/barao\/wp-json\/wp\/v2\/types\/product"}],"replies":[{"embeddable":true,"href":"http:\/\/baraoequipamentos.com.br\/barao\/wp-json\/wp\/v2\/comments?post=577"}],"wp:featuredmedia":[{"embeddable":true,"href":"http:\/\/baraoequipamentos.com.br\/barao\/wp-json\/wp\/v2\/media\/578"}],"wp:attachment":[{"href":"http:\/\/baraoequipamentos.com.br\/barao\/wp-json\/wp\/v2\/media?parent=577"}],"curies":[{"name":"wp","href":"https:\/\/api.w.org\/{rel}","templated":true}]}}