{"id":579,"date":"2018-03-15T17:41:30","date_gmt":"2018-03-15T17:41:30","guid":{"rendered":"http:\/\/baraoequipamentos.com.br\/barao\/?post_type=product&#038;p=579"},"modified":"2018-03-15T17:41:30","modified_gmt":"2018-03-15T17:41:30","slug":"luvas-power-grip","status":"publish","type":"product","link":"http:\/\/baraoequipamentos.com.br\/barao\/produto\/luvas-power-grip\/","title":{"rendered":"Luvas Power Grip"},"content":{"rendered":"<p>A Luva Power Grip Hpossui palma emborrachada em Shark Skin protegendo suas m\u00e3os durante as atividades f\u00edsicas.<br \/>\nDevido seu material, garante conforto e evita o aparecimento de calos e bolhas, al\u00e9m de possuir orif\u00edcios no dorso das m\u00e3os, que auxiliam na transpira\u00e7\u00e3o. <\/p>\n","protected":false},"excerpt":{"rendered":"<p>A Luva Power Grip Hpossui palma emborrachada em Shark Skin protegendo suas m\u00e3os durante as atividades f\u00edsicas.<\/p>\n","protected":false},"featured_media":580,"comment_status":"closed","ping_status":"closed","template":"","meta":[],"_links":{"self":[{"href":"http:\/\/baraoequipamentos.com.br\/barao\/wp-json\/wp\/v2\/product\/579"}],"collection":[{"href":"http:\/\/baraoequipamentos.com.br\/barao\/wp-json\/wp\/v2\/product"}],"about":[{"href":"http:\/\/baraoequipamentos.com.br\/barao\/wp-json\/wp\/v2\/types\/product"}],"replies":[{"embeddable":true,"href":"http:\/\/baraoequipamentos.com.br\/barao\/wp-json\/wp\/v2\/comments?post=579"}],"wp:featuredmedia":[{"embeddable":true,"href":"http:\/\/baraoequipamentos.com.br\/barao\/wp-json\/wp\/v2\/media\/580"}],"wp:attachment":[{"href":"http:\/\/baraoequipamentos.com.br\/barao\/wp-json\/wp\/v2\/media?parent=579"}],"curies":[{"name":"wp","href":"https:\/\/api.w.org\/{rel}","templated":true}]}}