{"id":583,"date":"2018-03-15T17:44:39","date_gmt":"2018-03-15T17:44:39","guid":{"rendered":"http:\/\/baraoequipamentos.com.br\/barao\/?post_type=product&#038;p=583"},"modified":"2018-03-15T17:51:26","modified_gmt":"2018-03-15T17:51:26","slug":"ortese-com-tala-para-punho-biletaral","status":"publish","type":"product","link":"http:\/\/baraoequipamentos.com.br\/barao\/produto\/ortese-com-tala-para-punho-biletaral\/","title":{"rendered":"\u00d3rtese com Tala para Punho Biletaral"},"content":{"rendered":"<p>A \u00f3rtese tala para punho bilateral possui uma tala interna anat\u00f4mica e remov\u00edvel que imobiliza parcialmente o punho.<br \/>\nPode ser usada tanto para o lado direito como esquerdo ou at\u00e9 mesmo sem.<br \/>\nPor possuir 2 (dois) bolsos internos, facilita a retirada da tala e o ajuste adequado \u00e0s suas necessidades. <\/p>\n","protected":false},"excerpt":{"rendered":"<p>A \u00f3rtese tala para punho bilateral possui uma tala interna anat\u00f4mica e remov\u00edvel que imobiliza parcialmente o punho. <\/p>\n","protected":false},"featured_media":588,"comment_status":"closed","ping_status":"closed","template":"","meta":[],"_links":{"self":[{"href":"http:\/\/baraoequipamentos.com.br\/barao\/wp-json\/wp\/v2\/product\/583"}],"collection":[{"href":"http:\/\/baraoequipamentos.com.br\/barao\/wp-json\/wp\/v2\/product"}],"about":[{"href":"http:\/\/baraoequipamentos.com.br\/barao\/wp-json\/wp\/v2\/types\/product"}],"replies":[{"embeddable":true,"href":"http:\/\/baraoequipamentos.com.br\/barao\/wp-json\/wp\/v2\/comments?post=583"}],"wp:featuredmedia":[{"embeddable":true,"href":"http:\/\/baraoequipamentos.com.br\/barao\/wp-json\/wp\/v2\/media\/588"}],"wp:attachment":[{"href":"http:\/\/baraoequipamentos.com.br\/barao\/wp-json\/wp\/v2\/media?parent=583"}],"curies":[{"name":"wp","href":"https:\/\/api.w.org\/{rel}","templated":true}]}}