{"id":589,"date":"2018-03-15T17:53:01","date_gmt":"2018-03-15T17:53:01","guid":{"rendered":"http:\/\/baraoequipamentos.com.br\/barao\/?post_type=product&#038;p=589"},"modified":"2018-03-15T17:53:13","modified_gmt":"2018-03-15T17:53:13","slug":"ortese-longa-para-punho-com-tala","status":"publish","type":"product","link":"http:\/\/baraoequipamentos.com.br\/barao\/produto\/ortese-longa-para-punho-com-tala\/","title":{"rendered":"\u00d3rtese Longa para Punho com Tala"},"content":{"rendered":"<p>Ideal  para digita\u00e7\u00e3o, possui tala pl\u00e1stica que d\u00e1 estabilidade ao punho e passantes em metal, qual garantem durabilidade.<br \/>\nDiscreta, leve e confort\u00e1vel.<br \/>\nFabricada em tecido resistente e antial\u00e9rgico, com revestimento macio em algod\u00e3o.<\/p>\n","protected":false},"excerpt":{"rendered":"<p>Ideal  para digita\u00e7\u00e3o, possui tala pl\u00e1stica que d\u00e1 estabilidade ao punho e passantes em metal, qual garantem durabilidade.<\/p>\n","protected":false},"featured_media":590,"comment_status":"closed","ping_status":"closed","template":"","meta":[],"_links":{"self":[{"href":"http:\/\/baraoequipamentos.com.br\/barao\/wp-json\/wp\/v2\/product\/589"}],"collection":[{"href":"http:\/\/baraoequipamentos.com.br\/barao\/wp-json\/wp\/v2\/product"}],"about":[{"href":"http:\/\/baraoequipamentos.com.br\/barao\/wp-json\/wp\/v2\/types\/product"}],"replies":[{"embeddable":true,"href":"http:\/\/baraoequipamentos.com.br\/barao\/wp-json\/wp\/v2\/comments?post=589"}],"wp:featuredmedia":[{"embeddable":true,"href":"http:\/\/baraoequipamentos.com.br\/barao\/wp-json\/wp\/v2\/media\/590"}],"wp:attachment":[{"href":"http:\/\/baraoequipamentos.com.br\/barao\/wp-json\/wp\/v2\/media?parent=589"}],"curies":[{"name":"wp","href":"https:\/\/api.w.org\/{rel}","templated":true}]}}