{"id":593,"date":"2018-03-15T17:56:06","date_gmt":"2018-03-15T17:56:06","guid":{"rendered":"http:\/\/baraoequipamentos.com.br\/barao\/?post_type=product&#038;p=593"},"modified":"2018-03-15T17:56:06","modified_gmt":"2018-03-15T17:56:06","slug":"cinta-para-bolsa-de-gelo-flexivel-membros-e-articulacao","status":"publish","type":"product","link":"http:\/\/baraoequipamentos.com.br\/barao\/produto\/cinta-para-bolsa-de-gelo-flexivel-membros-e-articulacao\/","title":{"rendered":"Cinta para Bolsa de Gelo Flex\u00edvel Membros e Articula\u00e7\u00e3o"},"content":{"rendered":"<p>Anat\u00f4mica e confort\u00e1vel, com acabamentos refor\u00e7ados.<br \/>\nPermite livre movimenta\u00e7\u00e3o durante aplica\u00e7\u00e3o.<br \/>\nFabricada em Neoprene, que ret\u00e9m a temperatura por mais tempo.<br \/>\nPode ser usada nas costas, t\u00f3rax, abd\u00f4men, cotovelo, punho, m\u00e3os, coxa, joelho, tornozelo e p\u00e9.<\/p>\n","protected":false},"excerpt":{"rendered":"<p>Anat\u00f4mica e confort\u00e1vel, com acabamentos refor\u00e7ados.<br \/>\nPermite livre movimenta\u00e7\u00e3o durante aplica\u00e7\u00e3o.<\/p>\n","protected":false},"featured_media":594,"comment_status":"closed","ping_status":"closed","template":"","meta":[],"_links":{"self":[{"href":"http:\/\/baraoequipamentos.com.br\/barao\/wp-json\/wp\/v2\/product\/593"}],"collection":[{"href":"http:\/\/baraoequipamentos.com.br\/barao\/wp-json\/wp\/v2\/product"}],"about":[{"href":"http:\/\/baraoequipamentos.com.br\/barao\/wp-json\/wp\/v2\/types\/product"}],"replies":[{"embeddable":true,"href":"http:\/\/baraoequipamentos.com.br\/barao\/wp-json\/wp\/v2\/comments?post=593"}],"wp:featuredmedia":[{"embeddable":true,"href":"http:\/\/baraoequipamentos.com.br\/barao\/wp-json\/wp\/v2\/media\/594"}],"wp:attachment":[{"href":"http:\/\/baraoequipamentos.com.br\/barao\/wp-json\/wp\/v2\/media?parent=593"}],"curies":[{"name":"wp","href":"https:\/\/api.w.org\/{rel}","templated":true}]}}