{"id":598,"date":"2018-03-15T17:58:56","date_gmt":"2018-03-15T17:58:56","guid":{"rendered":"http:\/\/baraoequipamentos.com.br\/barao\/?post_type=product&#038;p=598"},"modified":"2018-03-15T17:59:08","modified_gmt":"2018-03-15T17:59:08","slug":"cinta-multiuso-para-bolsa-termica-gel","status":"publish","type":"product","link":"http:\/\/baraoequipamentos.com.br\/barao\/produto\/cinta-multiuso-para-bolsa-termica-gel\/","title":{"rendered":"Cinta Multiuso para Bolsa T\u00e9rmica Gel"},"content":{"rendered":"<p>Anat\u00f4mica e confort\u00e1vel com acabamentos refor\u00e7ados.<br \/>\nPermite livre movimenta\u00e7\u00e3o durante aplica\u00e7\u00e3o.<br \/>\nFabricada em Neoprene, que ret\u00e9m a temperatura por mais tempo.<br \/>\nPode ser usada no abd\u00f4men, ombro, costas, tornozelo, cotovelo, coxa e joelho.<\/p>\n","protected":false},"excerpt":{"rendered":"<p>(sem bolsa t\u00e9rmica)<\/p>\n","protected":false},"featured_media":599,"comment_status":"closed","ping_status":"closed","template":"","meta":[],"_links":{"self":[{"href":"http:\/\/baraoequipamentos.com.br\/barao\/wp-json\/wp\/v2\/product\/598"}],"collection":[{"href":"http:\/\/baraoequipamentos.com.br\/barao\/wp-json\/wp\/v2\/product"}],"about":[{"href":"http:\/\/baraoequipamentos.com.br\/barao\/wp-json\/wp\/v2\/types\/product"}],"replies":[{"embeddable":true,"href":"http:\/\/baraoequipamentos.com.br\/barao\/wp-json\/wp\/v2\/comments?post=598"}],"wp:featuredmedia":[{"embeddable":true,"href":"http:\/\/baraoequipamentos.com.br\/barao\/wp-json\/wp\/v2\/media\/599"}],"wp:attachment":[{"href":"http:\/\/baraoequipamentos.com.br\/barao\/wp-json\/wp\/v2\/media?parent=598"}],"curies":[{"name":"wp","href":"https:\/\/api.w.org\/{rel}","templated":true}]}}