{"id":602,"date":"2018-03-15T18:09:21","date_gmt":"2018-03-15T18:09:21","guid":{"rendered":"http:\/\/baraoequipamentos.com.br\/barao\/?post_type=product&#038;p=602"},"modified":"2018-03-15T18:09:21","modified_gmt":"2018-03-15T18:09:21","slug":"tipoia-brim-simples","status":"publish","type":"product","link":"http:\/\/baraoequipamentos.com.br\/barao\/produto\/tipoia-brim-simples\/","title":{"rendered":"Tip\u00f3ia Brim Simples"},"content":{"rendered":"<p>A tipoia em brim simples foi desenvolvida para proporcionar estabilidade e conforto durante a recupera\u00e7\u00e3o de les\u00f5es ocasionadas no ombro, bra\u00e7o e antebra\u00e7o.<br \/>\nConfeccionada em material de qualidade e com a fun\u00e7\u00e3o bilateral, proporcionando a imobiliza\u00e7\u00e3o e uma posi\u00e7\u00e3o c\u00f4moda e funcional do membro afetado.<br \/>\nPossui al\u00e7as de f\u00e1cil regulagem, proporcionando o manuseio com apenas umas das m\u00e3os.<\/p>\n","protected":false},"excerpt":{"rendered":"<p>A tipoia em brim simples foi desenvolvida para proporcionar estabilidade e conforto durante a recupera\u00e7\u00e3o de les\u00f5es ocasionadas no ombro, bra\u00e7o e antebra\u00e7o. <\/p>\n","protected":false},"featured_media":603,"comment_status":"closed","ping_status":"closed","template":"","meta":[],"_links":{"self":[{"href":"http:\/\/baraoequipamentos.com.br\/barao\/wp-json\/wp\/v2\/product\/602"}],"collection":[{"href":"http:\/\/baraoequipamentos.com.br\/barao\/wp-json\/wp\/v2\/product"}],"about":[{"href":"http:\/\/baraoequipamentos.com.br\/barao\/wp-json\/wp\/v2\/types\/product"}],"replies":[{"embeddable":true,"href":"http:\/\/baraoequipamentos.com.br\/barao\/wp-json\/wp\/v2\/comments?post=602"}],"wp:featuredmedia":[{"embeddable":true,"href":"http:\/\/baraoequipamentos.com.br\/barao\/wp-json\/wp\/v2\/media\/603"}],"wp:attachment":[{"href":"http:\/\/baraoequipamentos.com.br\/barao\/wp-json\/wp\/v2\/media?parent=602"}],"curies":[{"name":"wp","href":"https:\/\/api.w.org\/{rel}","templated":true}]}}