{"id":608,"date":"2018-03-15T18:12:53","date_gmt":"2018-03-15T18:12:53","guid":{"rendered":"http:\/\/baraoequipamentos.com.br\/barao\/?post_type=product&#038;p=608"},"modified":"2018-03-15T18:12:53","modified_gmt":"2018-03-15T18:12:53","slug":"tipoia-ortopedica","status":"publish","type":"product","link":"http:\/\/baraoequipamentos.com.br\/barao\/produto\/tipoia-ortopedica\/","title":{"rendered":"Tip\u00f3ia Ortop\u00e9dica"},"content":{"rendered":"<p>A tipoia ortop\u00e9dica \u00e9 utilizada para estabilizar e sustentar o membro superior esquerdo ou direito.<br \/>\nConfeccionada em material resistente e lav\u00e1vel, conta com pr\u00e1tico sistema de ajuste, que permite a regulagem com apenas uma m\u00e3o.<\/p>\n","protected":false},"excerpt":{"rendered":"<p>A tipoia ortop\u00e9dica \u00e9 utilizada para estabilizar e sustentar o membro superior esquerdo ou direito.<\/p>\n","protected":false},"featured_media":609,"comment_status":"closed","ping_status":"closed","template":"","meta":[],"_links":{"self":[{"href":"http:\/\/baraoequipamentos.com.br\/barao\/wp-json\/wp\/v2\/product\/608"}],"collection":[{"href":"http:\/\/baraoequipamentos.com.br\/barao\/wp-json\/wp\/v2\/product"}],"about":[{"href":"http:\/\/baraoequipamentos.com.br\/barao\/wp-json\/wp\/v2\/types\/product"}],"replies":[{"embeddable":true,"href":"http:\/\/baraoequipamentos.com.br\/barao\/wp-json\/wp\/v2\/comments?post=608"}],"wp:featuredmedia":[{"embeddable":true,"href":"http:\/\/baraoequipamentos.com.br\/barao\/wp-json\/wp\/v2\/media\/609"}],"wp:attachment":[{"href":"http:\/\/baraoequipamentos.com.br\/barao\/wp-json\/wp\/v2\/media?parent=608"}],"curies":[{"name":"wp","href":"https:\/\/api.w.org\/{rel}","templated":true}]}}