{"id":612,"date":"2018-03-15T18:15:09","date_gmt":"2018-03-15T18:15:09","guid":{"rendered":"http:\/\/baraoequipamentos.com.br\/barao\/?post_type=product&#038;p=612"},"modified":"2018-03-15T18:16:04","modified_gmt":"2018-03-15T18:16:04","slug":"puxador-para-faixa-elastica-2","status":"publish","type":"product","link":"http:\/\/baraoequipamentos.com.br\/barao\/produto\/puxador-para-faixa-elastica-2\/","title":{"rendered":"Puxador para Faixa El\u00e1stica"},"content":{"rendered":"<p>O Puxador para Faixa El\u00e1stica  foi desenvolvido como acess\u00f3rio para auxiliar no uso da Faixa El\u00e1stica.<br \/>\nProporciona melhor desempenho durante exerc\u00edcios e garante maior seguran\u00e7a, pois reduz o risco da faixa escapar e facilita a adequa\u00e7\u00e3o postural.<br \/>\nMais confort\u00e1vel.<br \/>\nMelhor desempenho.<br \/>\nMais seguran\u00e7a.<\/p>\n","protected":false},"excerpt":{"rendered":"<p>O Puxador para Faixa El\u00e1stica  foi desenvolvido como acess\u00f3rio para auxiliar no uso da Faixa El\u00e1stica.<\/p>\n","protected":false},"featured_media":613,"comment_status":"closed","ping_status":"closed","template":"","meta":[],"_links":{"self":[{"href":"http:\/\/baraoequipamentos.com.br\/barao\/wp-json\/wp\/v2\/product\/612"}],"collection":[{"href":"http:\/\/baraoequipamentos.com.br\/barao\/wp-json\/wp\/v2\/product"}],"about":[{"href":"http:\/\/baraoequipamentos.com.br\/barao\/wp-json\/wp\/v2\/types\/product"}],"replies":[{"embeddable":true,"href":"http:\/\/baraoequipamentos.com.br\/barao\/wp-json\/wp\/v2\/comments?post=612"}],"wp:featuredmedia":[{"embeddable":true,"href":"http:\/\/baraoequipamentos.com.br\/barao\/wp-json\/wp\/v2\/media\/613"}],"wp:attachment":[{"href":"http:\/\/baraoequipamentos.com.br\/barao\/wp-json\/wp\/v2\/media?parent=612"}],"curies":[{"name":"wp","href":"https:\/\/api.w.org\/{rel}","templated":true}]}}