{"id":614,"date":"2018-03-15T18:17:31","date_gmt":"2018-03-15T18:17:31","guid":{"rendered":"http:\/\/baraoequipamentos.com.br\/barao\/?post_type=product&#038;p=614"},"modified":"2018-03-15T18:17:31","modified_gmt":"2018-03-15T18:17:31","slug":"estabilizador-de-tornozelo","status":"publish","type":"product","link":"http:\/\/baraoequipamentos.com.br\/barao\/produto\/estabilizador-de-tornozelo\/","title":{"rendered":"Estabilizador de Tornozelo"},"content":{"rendered":"<p>O estabilizador de tornozelo oferece compress\u00e3o em torno do tornozelo, melhorando a sensa\u00e7\u00e3o de estabilidade da articula\u00e7\u00e3o. Possui 2 (duas) talas laterais (uma de cada lado) que impedem a lateraliza\u00e7\u00e3o dos movimentos do tornozelo.<br \/>\n Possui 3 (tr\u00eas) faixas el\u00e1sticas cruzadas que proporcionam compress\u00e3o e estabiliza\u00e7\u00e3o adicional, que podem ser ajustadas conforme a necessidade.<br \/>\nRet\u00e9m o calor devido ao material em neoprene, mantendo a regi\u00e3o aquecida e auxiliando no al\u00edvio da dor.<\/p>\n","protected":false},"excerpt":{"rendered":"<p>O estabilizador de tornozelo oferece compress\u00e3o em torno do tornozelo, melhorando a sensa\u00e7\u00e3o de estabilidade da articula\u00e7\u00e3o. Possui 2 (duas) talas laterais (uma de cada lado) que impedem a lateraliza\u00e7\u00e3o dos movimentos do tornozelo.<\/p>\n","protected":false},"featured_media":615,"comment_status":"closed","ping_status":"closed","template":"","meta":[],"_links":{"self":[{"href":"http:\/\/baraoequipamentos.com.br\/barao\/wp-json\/wp\/v2\/product\/614"}],"collection":[{"href":"http:\/\/baraoequipamentos.com.br\/barao\/wp-json\/wp\/v2\/product"}],"about":[{"href":"http:\/\/baraoequipamentos.com.br\/barao\/wp-json\/wp\/v2\/types\/product"}],"replies":[{"embeddable":true,"href":"http:\/\/baraoequipamentos.com.br\/barao\/wp-json\/wp\/v2\/comments?post=614"}],"wp:featuredmedia":[{"embeddable":true,"href":"http:\/\/baraoequipamentos.com.br\/barao\/wp-json\/wp\/v2\/media\/615"}],"wp:attachment":[{"href":"http:\/\/baraoequipamentos.com.br\/barao\/wp-json\/wp\/v2\/media?parent=614"}],"curies":[{"name":"wp","href":"https:\/\/api.w.org\/{rel}","templated":true}]}}