{"id":616,"date":"2018-03-15T18:20:21","date_gmt":"2018-03-15T18:20:21","guid":{"rendered":"http:\/\/baraoequipamentos.com.br\/barao\/?post_type=product&#038;p=616"},"modified":"2018-03-15T18:20:21","modified_gmt":"2018-03-15T18:20:21","slug":"imobilizador-de-joelho-fixo-largo","status":"publish","type":"product","link":"http:\/\/baraoequipamentos.com.br\/barao\/produto\/imobilizador-de-joelho-fixo-largo\/","title":{"rendered":"Imobilizador de Joelho Fixo Largo"},"content":{"rendered":"<p>Imobilizador de joelho  tem a fun\u00e7\u00e3o de manter a imobiliza\u00e7\u00e3o de forma eficaz com o sistema de fechamento ajust\u00e1vel.<br \/>\n\u00c9 confeccionado com material resistente que permite o uso anat\u00f4mico, tornando-o confort\u00e1vel no tratamento das les\u00f5es desta regi\u00e3o.<br \/>\nEncontrados nos tamanhos 50cm, 60 cm, 70 cm<\/p>\n","protected":false},"excerpt":{"rendered":"<p>Imobilizador de joelho  tem a fun\u00e7\u00e3o de manter a imobiliza\u00e7\u00e3o de forma eficaz com o sistema de fechamento ajust\u00e1vel. <\/p>\n","protected":false},"featured_media":617,"comment_status":"closed","ping_status":"closed","template":"","meta":[],"_links":{"self":[{"href":"http:\/\/baraoequipamentos.com.br\/barao\/wp-json\/wp\/v2\/product\/616"}],"collection":[{"href":"http:\/\/baraoequipamentos.com.br\/barao\/wp-json\/wp\/v2\/product"}],"about":[{"href":"http:\/\/baraoequipamentos.com.br\/barao\/wp-json\/wp\/v2\/types\/product"}],"replies":[{"embeddable":true,"href":"http:\/\/baraoequipamentos.com.br\/barao\/wp-json\/wp\/v2\/comments?post=616"}],"wp:featuredmedia":[{"embeddable":true,"href":"http:\/\/baraoequipamentos.com.br\/barao\/wp-json\/wp\/v2\/media\/617"}],"wp:attachment":[{"href":"http:\/\/baraoequipamentos.com.br\/barao\/wp-json\/wp\/v2\/media?parent=616"}],"curies":[{"name":"wp","href":"https:\/\/api.w.org\/{rel}","templated":true}]}}