{"id":622,"date":"2018-03-15T19:08:03","date_gmt":"2018-03-15T19:08:03","guid":{"rendered":"http:\/\/baraoequipamentos.com.br\/barao\/?post_type=product&#038;p=622"},"modified":"2018-03-15T19:08:03","modified_gmt":"2018-03-15T19:08:03","slug":"joelheira-com-reforco-patelar-curta","status":"publish","type":"product","link":"http:\/\/baraoequipamentos.com.br\/barao\/produto\/joelheira-com-reforco-patelar-curta\/","title":{"rendered":"Joelheira com Refor\u00e7o Patelar Curta"},"content":{"rendered":"<p>A joelheira com refor\u00e7o patelar curta oferece compress\u00e3o em torno do joelho, melhorando a sensa\u00e7\u00e3o de estabilidade da articula\u00e7\u00e3o que \u00e9 intensificada pelo refor\u00e7o patelar.<br \/>\nRet\u00e9m o calor devido ao material em neoprene, mantendo a regi\u00e3o aquecida e auxiliando no alivio da dor. <\/p>\n","protected":false},"excerpt":{"rendered":"<p>A joelheira com refor\u00e7o patelar curta oferece compress\u00e3o em torno do joelho, melhorando a sensa\u00e7\u00e3o de estabilidade da articula\u00e7\u00e3o que \u00e9 intensificada pelo refor\u00e7o patelar.<\/p>\n","protected":false},"featured_media":623,"comment_status":"closed","ping_status":"closed","template":"","meta":[],"_links":{"self":[{"href":"http:\/\/baraoequipamentos.com.br\/barao\/wp-json\/wp\/v2\/product\/622"}],"collection":[{"href":"http:\/\/baraoequipamentos.com.br\/barao\/wp-json\/wp\/v2\/product"}],"about":[{"href":"http:\/\/baraoequipamentos.com.br\/barao\/wp-json\/wp\/v2\/types\/product"}],"replies":[{"embeddable":true,"href":"http:\/\/baraoequipamentos.com.br\/barao\/wp-json\/wp\/v2\/comments?post=622"}],"wp:featuredmedia":[{"embeddable":true,"href":"http:\/\/baraoequipamentos.com.br\/barao\/wp-json\/wp\/v2\/media\/623"}],"wp:attachment":[{"href":"http:\/\/baraoequipamentos.com.br\/barao\/wp-json\/wp\/v2\/media?parent=622"}],"curies":[{"name":"wp","href":"https:\/\/api.w.org\/{rel}","templated":true}]}}