{"id":632,"date":"2018-03-15T19:15:32","date_gmt":"2018-03-15T19:15:32","guid":{"rendered":"http:\/\/baraoequipamentos.com.br\/barao\/?post_type=product&#038;p=632"},"modified":"2018-03-15T19:15:32","modified_gmt":"2018-03-15T19:15:32","slug":"estabilizador-para-tornozelo-tipo-cast","status":"publish","type":"product","link":"http:\/\/baraoequipamentos.com.br\/barao\/produto\/estabilizador-para-tornozelo-tipo-cast\/","title":{"rendered":"Estabilizador para Tornozelo \u2013 Tipo \u201cCast\u201d"},"content":{"rendered":"<p>Talas r\u00edgidas para uma imobiliza\u00e7\u00e3o eficaz.<br \/>\nAlmofadas internas com revestimento em algod\u00e3o.<br \/>\nAjustes com fecho aderente.<br \/>\nFabricado com material leve, resistente e lav\u00e1vel.<\/p>\n","protected":false},"excerpt":{"rendered":"<p>Talas r\u00edgidas para uma imobiliza\u00e7\u00e3o eficaz.<br \/>\nAlmofadas internas com revestimento em algod\u00e3o.<\/p>\n","protected":false},"featured_media":633,"comment_status":"closed","ping_status":"closed","template":"","meta":[],"_links":{"self":[{"href":"http:\/\/baraoequipamentos.com.br\/barao\/wp-json\/wp\/v2\/product\/632"}],"collection":[{"href":"http:\/\/baraoequipamentos.com.br\/barao\/wp-json\/wp\/v2\/product"}],"about":[{"href":"http:\/\/baraoequipamentos.com.br\/barao\/wp-json\/wp\/v2\/types\/product"}],"replies":[{"embeddable":true,"href":"http:\/\/baraoequipamentos.com.br\/barao\/wp-json\/wp\/v2\/comments?post=632"}],"wp:featuredmedia":[{"embeddable":true,"href":"http:\/\/baraoequipamentos.com.br\/barao\/wp-json\/wp\/v2\/media\/633"}],"wp:attachment":[{"href":"http:\/\/baraoequipamentos.com.br\/barao\/wp-json\/wp\/v2\/media?parent=632"}],"curies":[{"name":"wp","href":"https:\/\/api.w.org\/{rel}","templated":true}]}}