{"id":634,"date":"2018-03-15T19:16:39","date_gmt":"2018-03-15T19:16:39","guid":{"rendered":"http:\/\/baraoequipamentos.com.br\/barao\/?post_type=product&#038;p=634"},"modified":"2018-03-15T19:16:39","modified_gmt":"2018-03-15T19:16:39","slug":"tornozeleira-ajustavel","status":"publish","type":"product","link":"http:\/\/baraoequipamentos.com.br\/barao\/produto\/tornozeleira-ajustavel\/","title":{"rendered":"Tornozeleira Ajust\u00e1vel"},"content":{"rendered":"<p>A tornozeleira ajust\u00e1vel  oferece compress\u00e3o em torno do tornozelo, melhorando a sensa\u00e7\u00e3o de estabilidade da articula\u00e7\u00e3o.<br \/>\nEssa compress\u00e3o pode ser ajustada conforme a necessidade atrav\u00e9s das abas de regulagem com fecho aderente.<br \/>\nRet\u00e9m o calor devido ao material em neoprene, mantendo a regi\u00e3o aquecida e auxiliando no al\u00edvio da dor. <\/p>\n","protected":false},"excerpt":{"rendered":"<p>A tornozeleira ajust\u00e1vel  oferece compress\u00e3o em torno do tornozelo, melhorando a sensa\u00e7\u00e3o de estabilidade da articula\u00e7\u00e3o.<\/p>\n","protected":false},"featured_media":635,"comment_status":"closed","ping_status":"closed","template":"","meta":[],"_links":{"self":[{"href":"http:\/\/baraoequipamentos.com.br\/barao\/wp-json\/wp\/v2\/product\/634"}],"collection":[{"href":"http:\/\/baraoequipamentos.com.br\/barao\/wp-json\/wp\/v2\/product"}],"about":[{"href":"http:\/\/baraoequipamentos.com.br\/barao\/wp-json\/wp\/v2\/types\/product"}],"replies":[{"embeddable":true,"href":"http:\/\/baraoequipamentos.com.br\/barao\/wp-json\/wp\/v2\/comments?post=634"}],"wp:featuredmedia":[{"embeddable":true,"href":"http:\/\/baraoequipamentos.com.br\/barao\/wp-json\/wp\/v2\/media\/635"}],"wp:attachment":[{"href":"http:\/\/baraoequipamentos.com.br\/barao\/wp-json\/wp\/v2\/media?parent=634"}],"curies":[{"name":"wp","href":"https:\/\/api.w.org\/{rel}","templated":true}]}}