{"id":636,"date":"2018-03-15T19:17:41","date_gmt":"2018-03-15T19:17:41","guid":{"rendered":"http:\/\/baraoequipamentos.com.br\/barao\/?post_type=product&#038;p=636"},"modified":"2018-03-15T19:17:41","modified_gmt":"2018-03-15T19:17:41","slug":"bota-imobilizador-anatomica","status":"publish","type":"product","link":"http:\/\/baraoequipamentos.com.br\/barao\/produto\/bota-imobilizador-anatomica\/","title":{"rendered":"Bota Imobilizador Anat\u00f4mica"},"content":{"rendered":"<p>A bota imobilizadora anat\u00f4mica  auxilia no tratamento de diversas enfermidades do tornozelo de forma eficaz e confort\u00e1vel.<br \/>\nCom estrutura leve e resistente, tem base injetada desenvolvida para adaptar-se perfeitamente ao corpo e solado em EVA, que facilita o caminhar.<br \/>\nSeu revestimento acolchoado e barbatanas laterais, confeccionadas em metal resistente, possibilitam a imobiliza\u00e7\u00e3o adequada. A bota \u00e9 bilateral, podendo ser usada tanto no p\u00e9 direito quanto no esquerdo.<br \/>\n Dispon\u00edvel em duas op\u00e7\u00f5es: longa e curta.<\/p>\n","protected":false},"excerpt":{"rendered":"<p>A bota imobilizadora anat\u00f4mica  auxilia no tratamento de diversas enfermidades do tornozelo de forma eficaz e confort\u00e1vel. <\/p>\n","protected":false},"featured_media":637,"comment_status":"closed","ping_status":"closed","template":"","meta":[],"_links":{"self":[{"href":"http:\/\/baraoequipamentos.com.br\/barao\/wp-json\/wp\/v2\/product\/636"}],"collection":[{"href":"http:\/\/baraoequipamentos.com.br\/barao\/wp-json\/wp\/v2\/product"}],"about":[{"href":"http:\/\/baraoequipamentos.com.br\/barao\/wp-json\/wp\/v2\/types\/product"}],"replies":[{"embeddable":true,"href":"http:\/\/baraoequipamentos.com.br\/barao\/wp-json\/wp\/v2\/comments?post=636"}],"wp:featuredmedia":[{"embeddable":true,"href":"http:\/\/baraoequipamentos.com.br\/barao\/wp-json\/wp\/v2\/media\/637"}],"wp:attachment":[{"href":"http:\/\/baraoequipamentos.com.br\/barao\/wp-json\/wp\/v2\/media?parent=636"}],"curies":[{"name":"wp","href":"https:\/\/api.w.org\/{rel}","templated":true}]}}