{"id":638,"date":"2018-03-15T19:18:32","date_gmt":"2018-03-15T19:18:32","guid":{"rendered":"http:\/\/baraoequipamentos.com.br\/barao\/?post_type=product&#038;p=638"},"modified":"2018-03-15T19:18:32","modified_gmt":"2018-03-15T19:18:32","slug":"bota-imobilizadora","status":"publish","type":"product","link":"http:\/\/baraoequipamentos.com.br\/barao\/produto\/bota-imobilizadora\/","title":{"rendered":"Bota Imobilizadora"},"content":{"rendered":"<p>A bota imobilizadora possibilita a imobiliza\u00e7\u00e3o do tornozelo de modo simples e eficaz.<br \/>\nPossui barbatanas laterais met\u00e1licas, revestidas em tecido e confeccionadas em metal leve e resistente, que proporcionam a imobiliza\u00e7\u00e3o adequada.<br \/>\nCom solado em EVA e design avan\u00e7ado, mant\u00e9m o equil\u00edbrio do corpo, podendo ser usada tanto no p\u00e9 direito quanto no esquerdo.<br \/>\nDispon\u00edvel em duas op\u00e7\u00f5es: longa e curta<\/p>\n","protected":false},"excerpt":{"rendered":"<p>A bota imobilizadora possibilita a imobiliza\u00e7\u00e3o do tornozelo de modo simples e eficaz. <\/p>\n","protected":false},"featured_media":639,"comment_status":"closed","ping_status":"closed","template":"","meta":[],"_links":{"self":[{"href":"http:\/\/baraoequipamentos.com.br\/barao\/wp-json\/wp\/v2\/product\/638"}],"collection":[{"href":"http:\/\/baraoequipamentos.com.br\/barao\/wp-json\/wp\/v2\/product"}],"about":[{"href":"http:\/\/baraoequipamentos.com.br\/barao\/wp-json\/wp\/v2\/types\/product"}],"replies":[{"embeddable":true,"href":"http:\/\/baraoequipamentos.com.br\/barao\/wp-json\/wp\/v2\/comments?post=638"}],"wp:featuredmedia":[{"embeddable":true,"href":"http:\/\/baraoequipamentos.com.br\/barao\/wp-json\/wp\/v2\/media\/639"}],"wp:attachment":[{"href":"http:\/\/baraoequipamentos.com.br\/barao\/wp-json\/wp\/v2\/media?parent=638"}],"curies":[{"name":"wp","href":"https:\/\/api.w.org\/{rel}","templated":true}]}}