{"id":642,"date":"2018-03-29T19:02:47","date_gmt":"2018-03-29T19:02:47","guid":{"rendered":"http:\/\/baraoequipamentos.com.br\/barao\/?post_type=product&#038;p=642"},"modified":"2018-03-29T19:02:47","modified_gmt":"2018-03-29T19:02:47","slug":"capas-anti-acaro-para-travesseiro-e-colchao-super-soft-soft-tex-e-pvc","status":"publish","type":"product","link":"http:\/\/baraoequipamentos.com.br\/barao\/produto\/capas-anti-acaro-para-travesseiro-e-colchao-super-soft-soft-tex-e-pvc\/","title":{"rendered":"Capas Anti \u00c1caro Para Travesseiro e Colch\u00e3o Super Soft, Soft Tex e PVC"},"content":{"rendered":"<p>Capas Anti \u00c1caro Para Travesseiro e Colch\u00e3o Super Soft, Soft Tex e PVC<\/p>\n","protected":false},"excerpt":{"rendered":"<p>Capas Anti \u00c1caro Para Travesseiro e Colch\u00e3o Super Soft, Soft Tex e PVC<\/p>\n","protected":false},"featured_media":641,"comment_status":"closed","ping_status":"closed","template":"","meta":[],"_links":{"self":[{"href":"http:\/\/baraoequipamentos.com.br\/barao\/wp-json\/wp\/v2\/product\/642"}],"collection":[{"href":"http:\/\/baraoequipamentos.com.br\/barao\/wp-json\/wp\/v2\/product"}],"about":[{"href":"http:\/\/baraoequipamentos.com.br\/barao\/wp-json\/wp\/v2\/types\/product"}],"replies":[{"embeddable":true,"href":"http:\/\/baraoequipamentos.com.br\/barao\/wp-json\/wp\/v2\/comments?post=642"}],"wp:featuredmedia":[{"embeddable":true,"href":"http:\/\/baraoequipamentos.com.br\/barao\/wp-json\/wp\/v2\/media\/641"}],"wp:attachment":[{"href":"http:\/\/baraoequipamentos.com.br\/barao\/wp-json\/wp\/v2\/media?parent=642"}],"curies":[{"name":"wp","href":"https:\/\/api.w.org\/{rel}","templated":true}]}}